{"id":8,"date":"2024-04-04T04:06:35","date_gmt":"2024-04-04T02:06:35","guid":{"rendered":"https:\/\/www.fortbau.hu\/nyilaszaro\/?page_id=8"},"modified":"2024-05-17T12:57:54","modified_gmt":"2024-05-17T10:57:54","slug":"kezdolap","status":"publish","type":"page","link":"https:\/\/www.fortbau.hu\/nyilaszaro\/","title":{"rendered":"Kezd\u0151lap"},"content":{"rendered":"\n<div class=\"wp-block-group hero\"><div class=\"wp-block-group__inner-container is-layout-constrained wp-block-group-is-layout-constrained\">\n<section class=\"wp-block-cb-wide full-wide cover center-center auto-padding\" style=\"background-image:url(https:\/\/www.fortbau.hu\/nyilaszaro\/wp-content\/uploads\/2024\/04\/header.png)\"><div class=\"content-box\">\n<h1 class=\"wp-block-heading has-white-color has-text-color has-link-color wp-elements-dd24990e12ef43ec1f4059e0ef47c730\">Egyedi ny\u00edl\u00e1sz\u00e1r\u00f3k az \u00d6n ig\u00e9nyeire szabva<\/h1>\n\n\n\n<div class=\"wp-block-buttons hero-button is-layout-flex wp-block-buttons-is-layout-flex\">\n<div class=\"wp-block-button\"><a class=\"wp-block-button__link wp-element-button\" href=\"https:\/\/www.fortbau.hu\/nyilaszaro\/rolunk\/\">R\u00f3lunk<\/a><\/div>\n<\/div>\n\n\n\n<div class=\"wp-block-group hero-bottom\"><div class=\"wp-block-group__inner-container is-layout-constrained wp-block-group-is-layout-constrained\">\n<div class=\"wp-block-columns is-not-stacked-on-mobile is-layout-flex wp-container-core-columns-is-layout-9d6595d7 wp-block-columns-is-layout-flex\">\n<div class=\"wp-block-column is-layout-flow wp-block-column-is-layout-flow\">\n<figure class=\"wp-block-image size-large\"><a href=\"#rolunk\"><img loading=\"lazy\" decoding=\"async\" width=\"476\" height=\"127\" src=\"https:\/\/www.fortbau.hu\/nyilaszaro\/wp-content\/uploads\/2024\/04\/svg.svg\" alt=\"\" class=\"wp-image-115\"\/><\/a><\/figure>\n<\/div>\n\n\n\n<div class=\"wp-block-column hero-bottom-cols2 is-layout-flow wp-block-column-is-layout-flow\">\n<p class=\"has-white-color has-text-color has-link-color wp-elements-d07c68db87dbf70b4bab1c37e65abaee\">20 \u00c9VNYI TAPASZTALAT A NY\u00cdL\u00c1SZ\u00c1R\u00d3 GY\u00c1RT\u00c1SBAN<\/p>\n<\/div>\n<\/div>\n<\/div><\/div>\n<\/div><\/section>\n<\/div><\/div>\n\n\n\n<div class=\"wp-block-group me-product\"><div class=\"wp-block-group__inner-container is-layout-constrained wp-block-group-is-layout-constrained\">\n<section class=\"wp-block-cb-wide full-wide cover center-center auto-padding\" style=\"background-image:url(https:\/\/www.fortbau.hu\/nyilaszaro\/wp-content\/uploads\/2024\/04\/Group-127694.png)\"><div class=\"content-box\">\n<div class=\"wp-block-columns is-layout-flex wp-container-core-columns-is-layout-9d6595d7 wp-block-columns-is-layout-flex\">\n<div class=\"wp-block-column is-layout-flow wp-block-column-is-layout-flow\">\n<figure class=\"wp-block-image size-full\"><img loading=\"lazy\" decoding=\"async\" width=\"1023\" height=\"775\" src=\"https:\/\/www.fortbau.hu\/nyilaszaro\/wp-content\/uploads\/2024\/04\/Amber-Forest_Dynamic-front-piano3.png\" alt=\"\" class=\"wp-image-65\" srcset=\"https:\/\/www.fortbau.hu\/nyilaszaro\/wp-content\/uploads\/2024\/04\/Amber-Forest_Dynamic-front-piano3.png 1023w, https:\/\/www.fortbau.hu\/nyilaszaro\/wp-content\/uploads\/2024\/04\/Amber-Forest_Dynamic-front-piano3-768x582.png 768w\" sizes=\"auto, (max-width: 1023px) 100vw, 1023px\" \/><\/figure>\n<\/div>\n\n\n\n<div class=\"wp-block-column is-layout-flow wp-block-column-is-layout-flow\">\n<div class=\"wp-block-group me-product-box\"><div class=\"wp-block-group__inner-container is-layout-constrained wp-block-group-is-layout-constrained\">\n<h2 class=\"wp-block-heading has-white-color has-text-color has-link-color wp-elements-cf16ea832e7dc0d61fcedd91e991f4b5\">Term\u00e9kek<\/h2>\n\n\n\n<p class=\"has-white-color has-text-color has-link-color wp-elements-186a4e68b816e130e062a01af58868f4\">\u00d6n meg\u00e1lmodja, mi megval\u00f3s\u00edtjuk&#8230;.<\/p>\n<\/div><\/div>\n<\/div>\n<\/div>\n\n\n\n<div class=\"wp-block-columns me-product-col2 is-layout-flex wp-container-core-columns-is-layout-9d6595d7 wp-block-columns-is-layout-flex\">\n<div class=\"wp-block-column product1 is-layout-flow wp-block-column-is-layout-flow\">\n<div class=\"wp-block-columns is-not-stacked-on-mobile is-layout-flex wp-container-core-columns-is-layout-9d6595d7 wp-block-columns-is-layout-flex\">\n<div class=\"wp-block-column is-layout-flow wp-block-column-is-layout-flow\" style=\"flex-basis:60%\">\n<figure class=\"wp-block-image alignfull size-full\"><img loading=\"lazy\" decoding=\"async\" width=\"330\" height=\"298\" src=\"https:\/\/www.fortbau.hu\/nyilaszaro\/wp-content\/uploads\/2024\/04\/shutterstock_2289033887.png\" alt=\"\" class=\"wp-image-73\"\/><\/figure>\n<\/div>\n\n\n\n<div class=\"wp-block-column me-product-col2-text is-layout-flow wp-block-column-is-layout-flow\" style=\"flex-basis:40%\">\n<p class=\"span has-text-color has-link-color wp-elements-922b66202e5acd7a97ce7b78f1cb9fef\" style=\"color:#c1c2c4\">01<\/p>\n\n\n\n<p class=\"has-white-color has-text-color has-link-color wp-elements-5d6be6700fa343d3ce528f1a0d837fc5\">AJT\u00d3K<\/p>\n\n\n\n<figure class=\"wp-block-image size-large\"><a href=\"\/muanyag-nyilaszarok\/\"><img loading=\"lazy\" decoding=\"async\" width=\"45\" height=\"30\" src=\"https:\/\/www.fortbau.hu\/nyilaszaro\/wp-content\/uploads\/2024\/04\/arrow.svg\" alt=\"\" class=\"wp-image-131\"\/><\/a><\/figure>\n<\/div>\n<\/div>\n<\/div>\n\n\n\n<div class=\"wp-block-column product2 is-layout-flow wp-block-column-is-layout-flow\">\n<div class=\"wp-block-columns is-not-stacked-on-mobile is-layout-flex wp-container-core-columns-is-layout-9d6595d7 wp-block-columns-is-layout-flex\">\n<div class=\"wp-block-column is-layout-flow wp-block-column-is-layout-flow\" style=\"flex-basis:60%\">\n<figure class=\"wp-block-image alignfull size-full\"><img loading=\"lazy\" decoding=\"async\" width=\"330\" height=\"298\" src=\"https:\/\/www.fortbau.hu\/nyilaszaro\/wp-content\/uploads\/2024\/04\/716-D002.png\" alt=\"\" class=\"wp-image-75\"\/><\/figure>\n<\/div>\n\n\n\n<div class=\"wp-block-column me-product-col2-text is-layout-flow wp-block-column-is-layout-flow\" style=\"flex-basis:40%\">\n<p class=\"span has-text-color has-link-color wp-elements-bfa9e7634290ee2d117081c330ca70ec\" style=\"color:#c1c2c4\">02<\/p>\n\n\n\n<p class=\"has-white-color has-text-color has-link-color wp-elements-d5d29afa941e4f62f98ec603447de988\">ABLAKOK<\/p>\n\n\n\n<figure class=\"wp-block-image size-large\"><img loading=\"lazy\" decoding=\"async\" width=\"45\" height=\"30\" src=\"https:\/\/www.fortbau.hu\/nyilaszaro\/wp-content\/uploads\/2024\/04\/arrow.svg\" alt=\"\" class=\"wp-image-131\"\/><\/figure>\n<\/div>\n<\/div>\n<\/div>\n\n\n\n<div class=\"wp-block-column product3 is-layout-flow wp-block-column-is-layout-flow\">\n<div class=\"wp-block-columns is-not-stacked-on-mobile is-layout-flex wp-container-core-columns-is-layout-9d6595d7 wp-block-columns-is-layout-flex\">\n<div class=\"wp-block-column is-layout-flow wp-block-column-is-layout-flow\" style=\"flex-basis:60%\">\n<figure class=\"wp-block-image alignfull size-full\"><img loading=\"lazy\" decoding=\"async\" width=\"330\" height=\"298\" src=\"https:\/\/www.fortbau.hu\/nyilaszaro\/wp-content\/uploads\/2024\/04\/shutterstock_2158894915_redony.png\" alt=\"\" class=\"wp-image-77\"\/><\/figure>\n<\/div>\n\n\n\n<div class=\"wp-block-column me-product-col2-text is-layout-flow wp-block-column-is-layout-flow\" style=\"flex-basis:40%\">\n<p class=\"span has-text-color has-link-color wp-elements-33ce053c7d07644a1d9a0e2ffa847b84\" style=\"color:#c1c2c4\">03<\/p>\n\n\n\n<p class=\"has-white-color has-text-color has-link-color wp-elements-46303019a58c4a62cfc93726ae6149b4\">\u00c1RNY\u00c9KOL\u00c1S<\/p>\n\n\n\n<figure class=\"wp-block-image size-large\"><a href=\"\/arnyekolastechnika\/\"><img loading=\"lazy\" decoding=\"async\" width=\"45\" height=\"30\" src=\"https:\/\/www.fortbau.hu\/nyilaszaro\/wp-content\/uploads\/2024\/04\/arrow.svg\" alt=\"\" class=\"wp-image-131\"\/><\/a><\/figure>\n<\/div>\n<\/div>\n<\/div>\n<\/div>\n<\/div><\/section>\n<\/div><\/div>\n\n\n\n<section id=\"rolunk\" class=\"wp-block-group home-me\"><div class=\"wp-block-group__inner-container is-layout-constrained wp-block-group-is-layout-constrained\">\n<section class=\"wp-block-cb-wide full-wide cover center-center auto-padding\" style=\"background-image:url(https:\/\/www.fortbau.hu\/nyilaszaro\/wp-content\/uploads\/2024\/04\/shutterstock_1900629658.png)\"><div class=\"content-box\">\n<div class=\"wp-block-columns is-layout-flex wp-container-core-columns-is-layout-9d6595d7 wp-block-columns-is-layout-flex\">\n<div class=\"wp-block-column is-layout-flow wp-block-column-is-layout-flow\" style=\"flex-basis:60%\">\n<h2 class=\"wp-block-heading\">R\u00f3lunk<\/h2>\n\n\n\n<div class=\"wp-block-columns home-me-col is-layout-flex wp-container-core-columns-is-layout-9d6595d7 wp-block-columns-is-layout-flex\">\n<div class=\"wp-block-column is-layout-flow wp-block-column-is-layout-flow\">\n<p class=\"has-text-color has-link-color wp-elements-f0e41ce693dde49af0cba98ba60b2d55\" style=\"color:#8b6f4e\"><em><span>20<\/span><\/em><strong><em> \u00c9V<\/em><\/strong><\/p>\n\n\n\n<p class=\"has-text-color has-link-color wp-elements-134bc052574b60fb3382ff145bb82d19\" style=\"color:#8b6f4e\"><strong><em>tapasztalattal <\/em><\/strong><\/p>\n\n\n\n<p>rendelkez\u00fcnk<\/p>\n<\/div>\n\n\n\n<div class=\"wp-block-column is-layout-flow wp-block-column-is-layout-flow\">\n<p>Munkat\u00e1rsaink <\/p>\n\n\n\n<p class=\"has-text-color has-link-color wp-elements-900c204f9e669fa0275409b487e89074\" style=\"color:#8b6f4e\"><strong><em>MAGASAN <\/em><\/strong><\/p>\n\n\n\n<p class=\"has-text-color has-link-color wp-elements-730e3b7e0e17fed1e64e7c935abcac01\" style=\"color:#8b6f4e\"><strong><em><em><strong>kvalifik\u00e1ltak<\/strong><\/em><\/em><\/strong><\/p>\n<\/div>\n\n\n\n<div class=\"wp-block-column is-layout-flow wp-block-column-is-layout-flow\">\n<p class=\"has-text-color has-link-color wp-elements-385fa3abed50454bb25d3ef4107b785a\" style=\"color:#8b6f4e\"><strong><em>AZ ORSZ\u00c1G<\/em><\/strong><\/p>\n\n\n\n<p class=\"home-me has-text-color has-link-color wp-elements-4d59981684e2d74c8483281c1cb6d958\" style=\"color:#8b6f4e\"><strong><em>eg\u00e9sz ter\u00fclet\u00e9n <\/em><\/strong><\/p>\n\n\n\n<p>v\u00e1llalunk munk\u00e1kat<\/p>\n<\/div>\n<\/div>\n\n\n\n<div class=\"wp-block-buttons button-2 is-layout-flex wp-block-buttons-is-layout-flex\">\n<div class=\"wp-block-button\"><a class=\"wp-block-button__link wp-element-button\" href=\"https:\/\/www.fortbau.hu\/nyilaszaro\/rolunk\/\">Tudjon meg t\u00f6bbet<\/a><\/div>\n<\/div>\n<\/div>\n\n\n\n<div class=\"wp-block-column home-me-img is-layout-flow wp-block-column-is-layout-flow\" style=\"flex-basis:40%\">\n<figure class=\"wp-block-image size-full\"><img loading=\"lazy\" decoding=\"async\" width=\"632\" height=\"451\" src=\"https:\/\/www.fortbau.hu\/nyilaszaro\/wp-content\/uploads\/2024\/04\/shutterstock_2219204103_szerk.png\" alt=\"\" class=\"wp-image-53\"\/><\/figure>\n<\/div>\n<\/div>\n<\/div><\/section>\n<\/div><\/section>\n\n\n\n<div class=\"wp-block-group me-service\"><div class=\"wp-block-group__inner-container is-layout-constrained wp-block-group-is-layout-constrained\">\n<section class=\"wp-block-cb-wide full-wide cover center-center auto-padding\" style=\"background-image:url(https:\/\/www.fortbau.hu\/nyilaszaro\/wp-content\/uploads\/2024\/04\/shutterstock_1900629658.png)\"><div class=\"content-box\">\n<h2 class=\"wp-block-heading has-text-align-center\">Szolg\u00e1ltat\u00e1sok<\/h2>\n\n\n\n<div class=\"wp-block-group me-service-line\"><div class=\"wp-block-group__inner-container is-layout-constrained wp-block-group-is-layout-constrained\">\n<div class=\"wp-block-columns is-layout-flex wp-container-core-columns-is-layout-9d6595d7 wp-block-columns-is-layout-flex\">\n<div class=\"wp-block-column me-service-col3-box me-service1 is-layout-flow wp-block-column-is-layout-flow\">\n<figure class=\"wp-block-image size-full me-service-img\"><img loading=\"lazy\" decoding=\"async\" width=\"423\" height=\"391\" src=\"https:\/\/www.fortbau.hu\/nyilaszaro\/wp-content\/uploads\/2024\/04\/shutterstock_215476305-1.png\" alt=\"\" class=\"wp-image-144\"\/><figcaption class=\"wp-element-caption\"><p>Ingyenes helysz\u00edni felm\u00e9r\u00e9s \u00e9s tan\u00e1csad\u00e1s<\/p><\/figcaption><\/figure>\n<\/div>\n\n\n\n<div class=\"wp-block-column me-service-col3-box me-service2 is-layout-flow wp-block-column-is-layout-flow\">\n<figure class=\"wp-block-image size-full me-service-img\"><img loading=\"lazy\" decoding=\"async\" width=\"423\" height=\"391\" src=\"https:\/\/www.fortbau.hu\/nyilaszaro\/wp-content\/uploads\/2024\/04\/shutterstock_719818573.png\" alt=\"\" class=\"wp-image-92\"\/><figcaption class=\"wp-element-caption\"><p>Tapasztalat \u00e9s teljes k\u00f6r\u0171 szolg\u00e1ltat\u00e1s<\/p><\/figcaption><\/figure>\n<\/div>\n\n\n\n<div class=\"wp-block-column me-service-col3-box me-service3 is-layout-flow wp-block-column-is-layout-flow\">\n<figure class=\"wp-block-image size-full me-service-img\"><img loading=\"lazy\" decoding=\"async\" width=\"422\" height=\"391\" src=\"https:\/\/www.fortbau.hu\/nyilaszaro\/wp-content\/uploads\/2024\/04\/geppark.png\" alt=\"\" class=\"wp-image-93\"\/><figcaption class=\"wp-element-caption\"><p>Gy\u00e1rt\u00e1s egyedi ig\u00e9nyek alapj\u00e1n<\/p><\/figcaption><\/figure>\n<\/div>\n<\/div>\n<\/div><\/div>\n\n\n\n<div class=\"wp-block-buttons button-2 is-content-justification-center is-layout-flex wp-container-core-buttons-is-layout-16018d1d wp-block-buttons-is-layout-flex\">\n<div class=\"wp-block-button\"><a class=\"wp-block-button__link wp-element-button\" href=\"https:\/\/www.fortbau.hu\/nyilaszaro\/szolgaltatasok\/\">R\u00e9szletek<\/a><\/div>\n<\/div>\n<\/div><\/section>\n<\/div><\/div>\n\n\n\n<div class=\"wp-block-group placeholder\"><div class=\"wp-block-group__inner-container is-layout-constrained wp-block-group-is-layout-constrained\">\n<section class=\"wp-block-cb-wide full-wide cover center-center auto-padding\" style=\"background-image:url(https:\/\/www.fortbau.hu\/nyilaszaro\/wp-content\/uploads\/2024\/04\/bg.png)\"><div class=\"content-box\">\n<p><\/p>\n<\/div><\/section>\n<\/div><\/div>\n\n\n\n<section class=\"wp-block-group footer-offer\"><div class=\"wp-block-group__inner-container is-layout-constrained wp-block-group-is-layout-constrained\">\n<section class=\"wp-block-cb-wide full-wide cover center-center auto-padding\" style=\"background-image:url(https:\/\/www.fortbau.hu\/nyilaszaro\/wp-content\/uploads\/2024\/04\/shutterstock_1900629658.png)\"><div class=\"content-box\">\n<div class=\"wp-block-columns is-layout-flex wp-container-core-columns-is-layout-9d6595d7 wp-block-columns-is-layout-flex\">\n<div class=\"wp-block-column is-layout-flow wp-block-column-is-layout-flow\" style=\"flex-basis:45%\">\n<figure class=\"wp-block-image size-full\"><img loading=\"lazy\" decoding=\"async\" width=\"749\" height=\"411\" src=\"https:\/\/www.fortbau.hu\/nyilaszaro\/wp-content\/uploads\/2024\/04\/shutterstock_2305766699.png\" alt=\"\" class=\"wp-image-108\"\/><\/figure>\n<\/div>\n\n\n\n<div class=\"wp-block-column footer-offer-col2 is-layout-flow wp-block-column-is-layout-flow\" style=\"flex-basis:45%\">\n<h2 class=\"wp-block-heading\">K\u00e9rjen aj\u00e1nlatot most!<\/h2>\n\n\n\n<div class=\"wp-block-buttons button-offer is-layout-flex wp-block-buttons-is-layout-flex\">\n<div class=\"wp-block-button\"><a class=\"wp-block-button__link wp-element-button\" href=\"https:\/\/www.fortbau.hu\/nyilaszaro\/kapcsolat\/\">Aj\u00e1nlatot k\u00e9rek<\/a><\/div>\n<\/div>\n<\/div>\n\n\n\n<div class=\"wp-block-column is-vertically-aligned-center is-layout-flow wp-block-column-is-layout-flow\" style=\"flex-basis:10%\"><div class=\"wp-block-image\">\n<figure class=\"aligncenter size-large\" id=\"gotop\"><img loading=\"lazy\" decoding=\"async\" width=\"108\" height=\"108\" src=\"https:\/\/www.fortbau.hu\/nyilaszaro\/wp-content\/uploads\/2024\/04\/gotop.svg\" alt=\"\" class=\"wp-image-160\"\/><\/figure>\n<\/div><\/div>\n<\/div>\n<\/div><\/section>\n<\/div><\/section>\n","protected":false},"excerpt":{"rendered":"","protected":false},"author":1,"featured_media":0,"parent":0,"menu_order":0,"comment_status":"closed","ping_status":"closed","template":"","meta":{"inline_featured_image":false,"footnotes":""},"class_list":["post-8","page","type-page","status-publish","hentry"],"_links":{"self":[{"href":"https:\/\/www.fortbau.hu\/nyilaszaro\/wp-json\/wp\/v2\/pages\/8","targetHints":{"allow":["GET"]}}],"collection":[{"href":"https:\/\/www.fortbau.hu\/nyilaszaro\/wp-json\/wp\/v2\/pages"}],"about":[{"href":"https:\/\/www.fortbau.hu\/nyilaszaro\/wp-json\/wp\/v2\/types\/page"}],"author":[{"embeddable":true,"href":"https:\/\/www.fortbau.hu\/nyilaszaro\/wp-json\/wp\/v2\/users\/1"}],"replies":[{"embeddable":true,"href":"https:\/\/www.fortbau.hu\/nyilaszaro\/wp-json\/wp\/v2\/comments?post=8"}],"version-history":[{"count":157,"href":"https:\/\/www.fortbau.hu\/nyilaszaro\/wp-json\/wp\/v2\/pages\/8\/revisions"}],"predecessor-version":[{"id":941,"href":"https:\/\/www.fortbau.hu\/nyilaszaro\/wp-json\/wp\/v2\/pages\/8\/revisions\/941"}],"wp:attachment":[{"href":"https:\/\/www.fortbau.hu\/nyilaszaro\/wp-json\/wp\/v2\/media?parent=8"}],"curies":[{"name":"wp","href":"https:\/\/api.w.org\/{rel}","templated":true}]}}