{"id":505,"date":"2024-04-07T10:04:47","date_gmt":"2024-04-07T08:04:47","guid":{"rendered":"https:\/\/www.fortbau.hu\/nyilaszaro\/?page_id=505"},"modified":"2024-04-19T10:23:14","modified_gmt":"2024-04-19T08:23:14","slug":"viszonteladoknak","status":"publish","type":"page","link":"https:\/\/www.fortbau.hu\/nyilaszaro\/viszonteladoknak\/","title":{"rendered":"Viszontelad\u00f3knak"},"content":{"rendered":"\n<div class=\"wp-block-group reseller-page\"><div class=\"wp-block-group__inner-container is-layout-constrained wp-block-group-is-layout-constrained\">\n<h1 class=\"wp-block-heading reseller-page\">Viszontelad\u00f3knak<\/h1>\n\n\n\n<div class=\"wp-block-group reseller-col1\"><div class=\"wp-block-group__inner-container is-layout-constrained wp-block-group-is-layout-constrained\">\n<div class=\"wp-block-columns is-layout-flex wp-container-core-columns-is-layout-9d6595d7 wp-block-columns-is-layout-flex\">\n<div class=\"wp-block-column is-layout-flow wp-block-column-is-layout-flow\" style=\"flex-basis:25%\">\n<p class=\"has-large-font-size\"><em>LEGYEN PARTNER\u00dcNK!<\/em><\/p>\n<\/div>\n\n\n\n<div class=\"wp-block-column is-layout-flow wp-block-column-is-layout-flow\" style=\"flex-basis:75%\">\n<p><strong>Ha \u00e9rdeklik term\u00e9keink \u00e9s egy\u00fcttm\u0171k\u00f6d\u00e9si lehet\u0151s\u00e9geink, k\u00e9rj\u00fck t\u00f6ltse ki az al\u00e1bbi \u0171rlapot, jelentkezzen viszontelad\u00f3 partnerh\u00e1l\u00f3zatunkba!<\/strong><\/p>\n<\/div>\n<\/div>\n\n\n\n<div class=\"wp-block-buttons button-offer is-content-justification-center is-layout-flex wp-container-core-buttons-is-layout-16018d1d wp-block-buttons-is-layout-flex\">\n<div class=\"wp-block-button\"><a class=\"wp-block-button__link wp-element-button\" href=\"#urlap\">Tov\u00e1bb az \u0171rlapra<\/a><\/div>\n<\/div>\n<\/div><\/div>\n\n\n\n<div style=\"height:3rem\" aria-hidden=\"true\" class=\"wp-block-spacer\"><\/div>\n\n\n\n<script src=\"https:\/\/r3.minicrm.hu\/api\/loader.js?71735-1vppafvszo1i0arxdq5f1hhc1y2dpg\"><\/script>\n\n\n\n<div class=\"wp-block-group reseller-col2\"><div class=\"wp-block-group__inner-container is-layout-constrained wp-block-group-is-layout-constrained\">\n<div class=\"wp-block-columns is-layout-flex wp-container-core-columns-is-layout-9d6595d7 wp-block-columns-is-layout-flex\">\n<div class=\"wp-block-column is-layout-flow wp-block-column-is-layout-flow\" style=\"flex-basis:20%\">\n<h2 class=\"wp-block-heading\">\u00c9rdemes vel\u00fcnk dolgozni, mert mi garant\u00e1ljuk\u2026<\/h2>\n<\/div>\n\n\n\n<div class=\"wp-block-column is-layout-flow wp-block-column-is-layout-flow\" style=\"flex-basis:80%\">\n<div class=\"wp-block-columns is-layout-flex wp-container-core-columns-is-layout-9d6595d7 wp-block-columns-is-layout-flex\">\n<div class=\"wp-block-column is-layout-flow wp-block-column-is-layout-flow\">\n<div class=\"wp-block-group\"><div class=\"wp-block-group__inner-container is-layout-constrained wp-block-group-is-layout-constrained\">\n<div class=\"wp-block-group is-nowrap is-layout-flex wp-container-core-group-is-layout-ad2f72ca wp-block-group-is-layout-flex\">\n<figure class=\"wp-block-image size-large\"><img loading=\"lazy\" decoding=\"async\" width=\"51\" height=\"51\" src=\"https:\/\/www.fortbau.hu\/nyilaszaro\/wp-content\/uploads\/2024\/04\/Group-127864.svg\" alt=\"\" class=\"wp-image-177\"\/><\/figure>\n\n\n\n<h3 class=\"wp-block-heading\">A KIEMELKED\u0150 MIN\u0150S\u00c9GET<\/h3>\n<\/div>\n\n\n\n<p>Gy\u00e1rt\u00f3c\u00e9g\u00fcnk elk\u00f6telezett a kiv\u00e1l\u00f3 min\u0151s\u00e9g\u0171 ny\u00edl\u00e1sz\u00e1r\u00f3k ir\u00e1nt. Term\u00e9keink korszer\u0171 technol\u00f3gi\u00e1val \u00e9s prec\u00edz gy\u00e1rt\u00e1si folyamatokkal k\u00e9sz\u00fclnek, hogy hossz\u00fa \u00e9lettartam\u00fa \u00e9s hat\u00e9kony megold\u00e1sokat biztos\u00edtsanak \u00fcgyfeleinknek.<\/p>\n<\/div><\/div>\n<\/div>\n\n\n\n<div class=\"wp-block-column is-layout-flow wp-block-column-is-layout-flow\">\n<div class=\"wp-block-group\"><div class=\"wp-block-group__inner-container is-layout-constrained wp-block-group-is-layout-constrained\">\n<div class=\"wp-block-group is-nowrap is-layout-flex wp-container-core-group-is-layout-ad2f72ca wp-block-group-is-layout-flex\">\n<figure class=\"wp-block-image size-large\"><img loading=\"lazy\" decoding=\"async\" width=\"51\" height=\"51\" src=\"https:\/\/www.fortbau.hu\/nyilaszaro\/wp-content\/uploads\/2024\/04\/Group-127864.svg\" alt=\"\" class=\"wp-image-177\"\/><\/figure>\n\n\n\n<h3 class=\"wp-block-heading\">A SZ\u00c9LES TERM\u00c9KV\u00c1LASZT\u00c9KOT<\/h3>\n<\/div>\n\n\n\n<p>K\u00edn\u00e1latunkban a m\u0171anyag ny\u00edl\u00e1sz\u00e1r\u00f3kon t\u00fal, \u00e1rny\u00e9kol\u00e1stechnikai term\u00e9kek is megtal\u00e1lhat\u00f3k. A b\u0151 term\u00e9ksk\u00e1la lehet\u0151v\u00e9 teszi \u00d6nnek, hogy v\u00e1s\u00e1rl\u00f3i v\u00e1ltozatos \u00e9s sz\u00e9les k\u00f6r\u0171 ig\u00e9nyeit kiel\u00e9g\u00edtse.<\/p>\n<\/div><\/div>\n<\/div>\n<\/div>\n\n\n\n<div class=\"wp-block-columns is-layout-flex wp-container-core-columns-is-layout-9d6595d7 wp-block-columns-is-layout-flex\">\n<div class=\"wp-block-column is-layout-flow wp-block-column-is-layout-flow\">\n<div class=\"wp-block-group\"><div class=\"wp-block-group__inner-container is-layout-constrained wp-block-group-is-layout-constrained\">\n<div class=\"wp-block-group is-nowrap is-layout-flex wp-container-core-group-is-layout-ad2f72ca wp-block-group-is-layout-flex\">\n<figure class=\"wp-block-image size-large\"><img loading=\"lazy\" decoding=\"async\" width=\"51\" height=\"51\" src=\"https:\/\/www.fortbau.hu\/nyilaszaro\/wp-content\/uploads\/2024\/04\/Group-127864.svg\" alt=\"\" class=\"wp-image-177\"\/><\/figure>\n\n\n\n<h3 class=\"wp-block-heading\">AZ EGYEDIS\u00c9GET<\/h3>\n<\/div>\n\n\n\n<p>A m\u00e9ret, a forma nem lehet akad\u00e1ly, csak a k\u00e9pzelet szabhat hat\u00e1rt. Rugalmas gy\u00e1rt\u00e1si folyamatainknak k\u00f6sz\u00f6nhet\u0151en az egyedi ig\u00e9nyeket is magas sz\u00ednvonalon tudjuk teljes\u00edteni.<\/p>\n<\/div><\/div>\n<\/div>\n\n\n\n<div class=\"wp-block-column is-layout-flow wp-block-column-is-layout-flow\">\n<div class=\"wp-block-group\"><div class=\"wp-block-group__inner-container is-layout-constrained wp-block-group-is-layout-constrained\">\n<div class=\"wp-block-group is-nowrap is-layout-flex wp-container-core-group-is-layout-ad2f72ca wp-block-group-is-layout-flex\">\n<figure class=\"wp-block-image size-large\"><img loading=\"lazy\" decoding=\"async\" width=\"51\" height=\"51\" src=\"https:\/\/www.fortbau.hu\/nyilaszaro\/wp-content\/uploads\/2024\/04\/Group-127864.svg\" alt=\"\" class=\"wp-image-177\"\/><\/figure>\n\n\n\n<h3 class=\"wp-block-heading\">A KIV\u00c1L\u00d3 \u00dcGYF\u00c9LSZOLG\u00c1LATOT<\/h3>\n<\/div>\n\n\n\n<p>Nemcsak a term\u00e9keink, hanem \u00fcgyf\u00e9lszolg\u00e1latunk min\u0151s\u00e9ge ir\u00e1nt is elk\u00f6telezettek vagyunk. Szak\u00e9rt\u0151 csapatunk munkanapokon mindig rendelkez\u00e9s\u00e9re \u00e1ll, hogy seg\u00edtsen \u00e9s t\u00e1mogassa \u00d6nt v\u00e1llalkoz\u00e1sa siker\u00e9ben.<\/p>\n<\/div><\/div>\n<\/div>\n<\/div>\n<\/div>\n<\/div>\n<\/div><\/div>\n\n\n\n<div id=\"urlap\" class=\"wp-block-group\"><div class=\"wp-block-group__inner-container is-layout-constrained wp-block-group-is-layout-constrained\">\n<script src=\"https:\/\/r3.minicrm.hu\/api\/loader.js?71735-1nhbcmnb6i0ukiiba77n083qyits8v\"><\/script>\n<\/div><\/div>\n<\/div><\/div>\n","protected":false},"excerpt":{"rendered":"<p>Viszontelad\u00f3knak LEGYEN PARTNER\u00dcNK! Ha \u00e9rdeklik term\u00e9keink \u00e9s egy\u00fcttm\u0171k\u00f6d\u00e9si lehet\u0151s\u00e9geink, k\u00e9rj\u00fck t\u00f6ltse ki az al\u00e1bbi \u0171rlapot, jelentkezzen viszontelad\u00f3 partnerh\u00e1l\u00f3zatunkba! &#8230;<\/p>\n","protected":false},"author":1,"featured_media":0,"parent":0,"menu_order":0,"comment_status":"closed","ping_status":"closed","template":"","meta":{"inline_featured_image":false,"footnotes":""},"class_list":["post-505","page","type-page","status-publish","hentry"],"_links":{"self":[{"href":"https:\/\/www.fortbau.hu\/nyilaszaro\/wp-json\/wp\/v2\/pages\/505","targetHints":{"allow":["GET"]}}],"collection":[{"href":"https:\/\/www.fortbau.hu\/nyilaszaro\/wp-json\/wp\/v2\/pages"}],"about":[{"href":"https:\/\/www.fortbau.hu\/nyilaszaro\/wp-json\/wp\/v2\/types\/page"}],"author":[{"embeddable":true,"href":"https:\/\/www.fortbau.hu\/nyilaszaro\/wp-json\/wp\/v2\/users\/1"}],"replies":[{"embeddable":true,"href":"https:\/\/www.fortbau.hu\/nyilaszaro\/wp-json\/wp\/v2\/comments?post=505"}],"version-history":[{"count":31,"href":"https:\/\/www.fortbau.hu\/nyilaszaro\/wp-json\/wp\/v2\/pages\/505\/revisions"}],"predecessor-version":[{"id":919,"href":"https:\/\/www.fortbau.hu\/nyilaszaro\/wp-json\/wp\/v2\/pages\/505\/revisions\/919"}],"wp:attachment":[{"href":"https:\/\/www.fortbau.hu\/nyilaszaro\/wp-json\/wp\/v2\/media?parent=505"}],"curies":[{"name":"wp","href":"https:\/\/api.w.org\/{rel}","templated":true}]}}