{"id":377,"date":"2024-04-06T18:04:14","date_gmt":"2024-04-06T16:04:14","guid":{"rendered":"https:\/\/www.fortbau.hu\/nyilaszaro\/?page_id=377"},"modified":"2024-04-19T09:43:04","modified_gmt":"2024-04-19T07:43:04","slug":"synego","status":"publish","type":"page","link":"https:\/\/www.fortbau.hu\/nyilaszaro\/synego\/","title":{"rendered":"Synego"},"content":{"rendered":"\n<div class=\"wp-block-group synego-page\"><div class=\"wp-block-group__inner-container is-layout-constrained wp-block-group-is-layout-constrained\">\n<div class=\"wp-block-group synego-col1\"><div class=\"wp-block-group__inner-container is-layout-constrained wp-block-group-is-layout-constrained\">\n<div class=\"wp-block-columns is-layout-flex wp-container-core-columns-is-layout-9d6595d7 wp-block-columns-is-layout-flex\">\n<div class=\"wp-block-column is-layout-flow wp-block-column-is-layout-flow\" style=\"flex-basis:25%\">\n<h1 class=\"wp-block-heading\">M\u0171anyag ny\u00edl\u00e1sz\u00e1r\u00f3k<\/h1>\n<\/div>\n\n\n\n<div class=\"wp-block-column is-layout-flow wp-block-column-is-layout-flow\" style=\"flex-basis:75%\">\n<div class=\"wp-block-columns is-layout-flex wp-container-core-columns-is-layout-9d6595d7 wp-block-columns-is-layout-flex\">\n<div class=\"wp-block-column is-layout-flow wp-block-column-is-layout-flow\">\n<p class=\"has-large-font-size\"><em><strong>Egyedi megold\u00e1sok az \u00d6N IG\u00c9NYEIRE SZABVA!<\/strong><\/em><\/p>\n<\/div>\n\n\n\n<div class=\"wp-block-column slanted-line is-layout-flow wp-block-column-is-layout-flow\">\n<p class=\"has-large-font-size\"><em>Legyen st\u00edlusos az Otthona!<\/em><\/p>\n<\/div>\n<\/div>\n\n\n\n<p>A REHAU ny\u00edl\u00e1sz\u00e1r\u00f3k lehet\u0151v\u00e9 teszik, hogy \u00edzl\u00e9ses fel\u00fcletkialak\u00edt\u00e1sokkal, <strong>egyedi form\u00e1kkal, sz\u00ednekkel,<\/strong> kieg\u00e9sz\u00edt\u0151 funkci\u00f3kkal \u00e9s m\u00e1s k\u00fcl\u00f6nlegess\u00e9gekkel val\u00f3s\u00edthassa meg elk\u00e9pzel\u00e9seit. <br>A REHAU ablakokkal minden elk\u00e9pzel\u00e9se val\u00f3s\u00e1gg\u00e1 v\u00e1lhat.<\/p>\n<\/div>\n<\/div>\n<\/div><\/div>\n\n\n\n<hr class=\"wp-block-separator has-alpha-channel-opacity\"\/>\n\n\n\n<div style=\"height:1.5rem\" aria-hidden=\"true\" class=\"wp-block-spacer\"><\/div>\n\n\n\n<div class=\"wp-block-buttons button-2 is-content-justification-right is-layout-flex wp-container-core-buttons-is-layout-765c4724 wp-block-buttons-is-layout-flex\">\n<div class=\"wp-block-button\"><a class=\"wp-block-button__link wp-element-button\" href=\"\/muanyag-nyilaszarok\/\">Vissza<\/a><\/div>\n<\/div>\n\n\n\n<div class=\"wp-block-group\"><div class=\"wp-block-group__inner-container is-layout-constrained wp-block-group-is-layout-constrained\">\n<div class=\"wp-block-columns is-layout-flex wp-container-core-columns-is-layout-9d6595d7 wp-block-columns-is-layout-flex\">\n<div class=\"wp-block-column is-layout-flow wp-block-column-is-layout-flow\" style=\"flex-basis:8%\">\n<p class=\"plastic-number\"><em>02<\/em>.<\/p>\n<\/div>\n\n\n\n<div class=\"wp-block-column is-layout-flow wp-block-column-is-layout-flow\" style=\"flex-basis:92%\">\n<h2 class=\"wp-block-heading\">SYNEGO:<\/h2>\n\n\n\n<div class=\"wp-block-columns synego-page-cols3 is-layout-flex wp-container-core-columns-is-layout-9d6595d7 wp-block-columns-is-layout-flex\">\n<div class=\"wp-block-column is-layout-flow wp-block-column-is-layout-flow\">\n<p>A SYNEGO ablakrendszer egyszerre gondoskodik a kellemes melegr\u0151l, \u00e9s az ak\u00e1r 45%-kal jobb h\u0151szigetel\u00e9snek k\u00f6sz\u00f6nhet\u0151en akt\u00edvan hozz\u00e1j\u00e1rul a k\u00f6rnyezet v\u00e9delm\u00e9hez. <\/p>\n\n\n\n<p>A SYNEGO be\u00e9p\u00edt\u00e9si m\u00e9lys\u00e9g\u00e9nek k\u00f6sz\u00f6nhet\u0151en speci\u00e1lis funkci\u00f3s \u00fcvegek alkalmazhat\u00f3k, melyek biztos\u00edtj\u00e1k a magasabb fok\u00fa zajv\u00e9delmet, a nyugalmas \u00e9s a csendes otthon \u00e9rdek\u00e9ben.<\/p>\n<\/div>\n\n\n\n<div class=\"wp-block-column synego-page-brown is-layout-flow wp-block-column-is-layout-flow\">\n<p><strong>Szennytasz\u00edt\u00f3 fel\u00fclet <\/strong><\/p>\n\n\n\n<p>A High Definition Finishing (HDF) fel\u00fcletnek k\u00f6sz\u00f6nhet\u0151en a ny\u00edl\u00e1sz\u00e1r\u00f3k nap mint nap \u00fajk\u00e9nt t\u00fcnd\u00f6k\u00f6lnek. <\/p>\n\n\n\n<p>A rendk\u00edv\u00fcl \u00f6sszetett k\u00e9plet t\u00f6k\u00e9letes fel\u00fcletet eredm\u00e9nyez, amely tov\u00e1bb marad tiszta \u00e9s k\u00f6nnyen tiszt\u00edthat\u00f3.<\/p>\n<\/div>\n<\/div>\n\n\n\n<div style=\"height:3rem\" aria-hidden=\"true\" class=\"wp-block-spacer\"><\/div>\n\n\n\n<div class=\"wp-block-columns is-layout-flex wp-container-core-columns-is-layout-9d6595d7 wp-block-columns-is-layout-flex\">\n<div class=\"wp-block-column system-col-img is-layout-flow wp-block-column-is-layout-flow\" style=\"flex-basis:25%\">\n<p class=\"has-medium-font-size\">A RENDSZERCSAL\u00c1DOK <\/p>\n\n\n\n<p class=\"has-medium-font-size\"><strong>SYNEGO ablak-, erk\u00e9ly- \u00e9s teraszajt\u00f3k<\/strong><\/p>\n\n\n\n<div style=\"height:20px\" aria-hidden=\"true\" class=\"wp-block-spacer\"><\/div>\n\n\n\n<figure class=\"wp-block-image size-full\"><img loading=\"lazy\" decoding=\"async\" width=\"338\" height=\"425\" src=\"https:\/\/www.fortbau.hu\/nyilaszaro\/wp-content\/uploads\/2024\/04\/716-D008.png\" alt=\"\" class=\"wp-image-276\"\/><\/figure>\n<\/div>\n\n\n\n<div class=\"wp-block-column is-layout-flow wp-block-column-is-layout-flow\" style=\"flex-basis:75%\">\n<h4 class=\"wp-block-heading\">M\u0171szaki adatok<\/h4>\n\n\n\n<figure class=\"wp-block-table is-style-stripes euro-page-col\"><table class=\"has-fixed-layout\"><tbody><tr><td>Tok\/sz\u00e1rny l\u00e1tsz\u00f3 sz\u00e9less\u00e9ge: <\/td><td>109\u2013175 mm-ig<\/td><\/tr><tr><td>Be\u00e9p\u00edt\u00e9si m\u00e9lys\u00e9g:  <\/td><td>80 mm<\/td><\/tr><tr><td>H\u0151szigetel\u00e9s Uf (EN 12412-2): <\/td><td>0,94 W\/(m\u00b2K)-ig<\/td><\/tr><tr><td>Zajv\u00e9delem Rw (ISO 10140-2): <\/td><td>47\u202fdB-ig<\/td><\/tr><tr><td>Bet\u00f6r\u00e9ssel szembeni ellen\u00e1ll\u00f3s\u00e1g (EN 1627): <\/td><td>RC 3 oszt\u00e1lyig<\/td><\/tr><tr><td>Sz\u00e9l\u00e1ll\u00f3s\u00e1g (EN 12210): <\/td><td>B5 oszt\u00e1lyig<\/td><\/tr><tr><td>V\u00edzz\u00e1r\u00e1s (EN 12208):<\/td><td>9A oszt\u00e1lyig<\/td><\/tr><tr><td>L\u00e9g\u00e1tereszt\u00e9s (EN 12207): <\/td><td>4. oszt\u00e1lyig<\/td><\/tr><tr><td>M\u0171k\u00f6dtet\u00e9shez sz\u00fcks\u00e9ges er\u0151k (EN 13115):<\/td><td>1. oszt\u00e1ly<\/td><\/tr><\/tbody><\/table><\/figure>\n<\/div>\n<\/div>\n<\/div>\n<\/div>\n<\/div><\/div>\n\n\n\n<div class=\"wp-block-group euro-page-col2\"><div class=\"wp-block-group__inner-container is-layout-constrained wp-block-group-is-layout-constrained\">\n<section class=\"wp-block-cb-wide full-wide auto-padding\" style=\"background-color:rgba(139,111,78,0.15)\"><div class=\"content-box\">\n<div class=\"wp-block-group\"><div class=\"wp-block-group__inner-container is-layout-constrained wp-block-group-is-layout-constrained\">\n<div class=\"wp-block-columns is-layout-flex wp-container-core-columns-is-layout-9d6595d7 wp-block-columns-is-layout-flex\">\n<div class=\"wp-block-column is-layout-flow wp-block-column-is-layout-flow\" style=\"flex-basis:20%\">\n<h3 class=\"wp-block-heading\">Sz\u00ednv\u00e1laszt\u00e9k<\/h3>\n<\/div>\n\n\n\n<div class=\"wp-block-column is-layout-flow wp-block-column-is-layout-flow\" style=\"flex-basis:10%\">\n<figure class=\"wp-block-image size-large\"><img loading=\"lazy\" decoding=\"async\" width=\"112\" height=\"30\" src=\"https:\/\/www.fortbau.hu\/nyilaszaro\/wp-content\/uploads\/2024\/04\/Group-127776.svg\" alt=\"\" class=\"wp-image-168\"\/><\/figure>\n<\/div>\n\n\n\n<div class=\"wp-block-column is-layout-flow wp-block-column-is-layout-flow\" style=\"flex-basis:70%\">\n<h3 class=\"wp-block-heading\">A REHAU KALEIDO COLOR <\/h3>\n\n\n\n<p>\u00e1ltal k\u00edn\u00e1lt teljes k\u00f6r\u0171 fel\u00fcletkialak\u00edt\u00e1si \u00e9s sz\u00ednv\u00e1laszt\u00e1si paletta seg\u00edts\u00e9g\u00e9vel k\u00f6nnyed\u00e9n megval\u00f3s\u00edthatja az otthon\u00e1ban az aktu\u00e1lis diz\u00e1jn-ir\u00e1nyzatokat vagy az id\u0151tlen st\u00edlust is. <\/p>\n<\/div>\n<\/div>\n<\/div><\/div>\n\n\n\n<div class=\"wp-block-group euro-page-cols2\"><div class=\"wp-block-group__inner-container is-layout-constrained wp-block-group-is-layout-constrained\">\n<div class=\"wp-block-columns is-layout-flex wp-container-core-columns-is-layout-9d6595d7 wp-block-columns-is-layout-flex\">\n<div class=\"wp-block-column is-layout-flow wp-block-column-is-layout-flow\" style=\"flex-basis:20%\">\n<p class=\"has-medium-font-size\">K\u00edv\u00fcl-bel\u00fcl m\u00e1s<\/p>\n<\/div>\n\n\n\n<div class=\"wp-block-column is-layout-flow wp-block-column-is-layout-flow\" style=\"flex-basis:10%\">\n<figure class=\"wp-block-image size-large\"><img loading=\"lazy\" decoding=\"async\" width=\"112\" height=\"30\" src=\"https:\/\/www.fortbau.hu\/nyilaszaro\/wp-content\/uploads\/2024\/04\/Group-127776.svg\" alt=\"\" class=\"wp-image-168\"\/><\/figure>\n<\/div>\n\n\n\n<div class=\"wp-block-column is-layout-flow wp-block-column-is-layout-flow\" style=\"flex-basis:70%\">\n<p><strong>Az ablakok k\u00fcls\u0151 \u00e9s bels\u0151 fel\u00fcletei elt\u00e9r\u0151en is kialak\u00edthat\u00f3ak, \u00edgy szinte korl\u00e1tlan lehet\u0151s\u00e9gei vannak az egyedi tervez\u00e9sre.<\/strong><\/p>\n<\/div>\n<\/div>\n<\/div><\/div>\n\n\n\n<div class=\"wp-block-group\"><div class=\"wp-block-group__inner-container is-layout-constrained wp-block-group-is-layout-constrained\">\n<div class=\"wp-block-columns euro-page-cols3 is-layout-flex wp-container-core-columns-is-layout-9d6595d7 wp-block-columns-is-layout-flex\">\n<div class=\"wp-block-column is-layout-flow wp-block-column-is-layout-flow\" style=\"flex-basis:20%\">\n<p class=\"has-medium-font-size\">B\u0151s\u00e9g zavara<\/p>\n<\/div>\n\n\n\n<div class=\"wp-block-column is-layout-flow wp-block-column-is-layout-flow\" style=\"flex-basis:10%\">\n<figure class=\"wp-block-image size-large\"><img loading=\"lazy\" decoding=\"async\" width=\"112\" height=\"30\" src=\"https:\/\/www.fortbau.hu\/nyilaszaro\/wp-content\/uploads\/2024\/04\/Group-127776.svg\" alt=\"\" class=\"wp-image-168\"\/><\/figure>\n<\/div>\n\n\n\n<div class=\"wp-block-column is-layout-flow wp-block-column-is-layout-flow\" style=\"flex-basis:70%\">\n<div class=\"wp-block-columns is-layout-flex wp-container-core-columns-is-layout-9d6595d7 wp-block-columns-is-layout-flex\">\n<div class=\"wp-block-column is-layout-flow wp-block-column-is-layout-flow\" style=\"flex-basis:26%\">\n<p><strong>A KALEIDO COLOR<\/strong> sz\u00e9les sk\u00e1l\u00e1j\u00e1ban \u00f6sszesen<\/p>\n<\/div>\n\n\n\n<div class=\"wp-block-column is-layout-flow wp-block-column-is-layout-flow\" style=\"flex-basis:14%\">\n<p class=\"has-x-large-font-size\">400<\/p>\n<\/div>\n\n\n\n<div class=\"wp-block-column is-layout-flow wp-block-column-is-layout-flow\" style=\"flex-basis:60%\">\n<p><strong>fel\u00fcletkialak\u00edt\u00e1si lehet\u0151s\u00e9g k\u00f6z\u00fcl v\u00e1laszthat, amelyek ide\u00e1lisak az ablakok st\u00edlusos fel\u00faj\u00edt\u00e1s\u00e1hoz.<\/strong><\/p>\n<\/div>\n<\/div>\n\n\n\n<p>Kezdve a megt\u00e9veszt\u0151en val\u00f3s\u00e1gh\u0171 fahat\u00e1st\u00f3l az exkluz\u00edv alum\u00edniumfel\u00fcleteken \u00e1t eg\u00e9szen a klasszikusan id\u0151tlen feh\u00e9r \u00e1rnyalatokig, minden esetben kihaszn\u00e1lhatja a m\u0171anyag ablakok el\u0151nyeit. \u00cdgy az ablakok nem csup\u00e1n praktikus szerepet t\u00f6ltenek be, hanem eszt\u00e9tikailag is harmoniz\u00e1lnak az otthon k\u00f6rnyezet\u00e9vel.<\/p>\n<\/div>\n<\/div>\n<\/div><\/div>\n\n\n\n<div style=\"height:2rem\" aria-hidden=\"true\" class=\"wp-block-spacer\"><\/div>\n\n\n\n<hr class=\"wp-block-separator has-alpha-channel-opacity\"\/>\n\n\n\n<div style=\"height:4rem\" aria-hidden=\"true\" class=\"wp-block-spacer\"><\/div>\n\n\n\n<div class=\"wp-block-group euro-page-cols4\"><div class=\"wp-block-group__inner-container is-layout-constrained wp-block-group-is-layout-constrained\">\n<div class=\"wp-block-columns is-layout-flex wp-container-core-columns-is-layout-9d6595d7 wp-block-columns-is-layout-flex\">\n<div class=\"wp-block-column is-layout-flow wp-block-column-is-layout-flow\">\n<div class=\"wp-block-columns is-layout-flex wp-container-core-columns-is-layout-9d6595d7 wp-block-columns-is-layout-flex\">\n<div class=\"wp-block-column is-layout-flow wp-block-column-is-layout-flow\" style=\"flex-basis:17%\">\n<p class=\"plastic-number\"><em>01<\/em>.<\/p>\n<\/div>\n\n\n\n<div class=\"wp-block-column is-layout-flow wp-block-column-is-layout-flow\" style=\"flex-basis:83%\">\n<h3 class=\"wp-block-heading\">KALEIDO PAINT &#8211; Ragyog\u00f3 lakk REHAU Ablakokhoz<\/h3>\n\n\n\n<p>A <strong>KALEIDO PAINT<\/strong> seg\u00edts\u00e9g\u00e9vel az \u00d6n \u00e1ltal elk\u00e9pzelt sz\u00ednvil\u00e1gba \u00f6lt\u00f6ztetj\u00fck az ablakokat. A nemes lakkot t\u00f6bb r\u00e9tegben, pr\u00e9mium sz\u00f3r\u00e1stechnol\u00f3gi\u00e1val viszik fel, \u00edgy egyed\u00fcl\u00e1ll\u00f3, csillog\u00f3 vagy matt fel\u00fcletet biztos\u00edt az ablakoknak.<\/p>\n\n\n\n<p>A sz\u00e9les sz\u00ednv\u00e1laszt\u00e9k folyamatosan b\u0151v\u00fcl, bele\u00e9rtve p\u00e9ld\u00e1ul a strukt\u00farlakkokat, ahol a szokv\u00e1nyos lakkhoz mikror\u00e9szecsk\u00e9ket kevernek, megteremtve ezzel a k\u00fcl\u00f6nleges optikai hat\u00e1st. T\u00f6bb mint 150 k\u00fcl\u00f6nb\u00f6z\u0151 sz\u00edn\u00e1rnyalat (RAL, DB vagy NCS) \u00e1ll rendelkez\u00e9s\u00e9re, hogy minden ig\u00e9ny\u00e9t kiel\u00e9g\u00edthess\u00fck.<\/p>\n<\/div>\n<\/div>\n\n\n\n<div class=\"wp-block-columns is-layout-flex wp-container-core-columns-is-layout-9d6595d7 wp-block-columns-is-layout-flex\">\n<div class=\"wp-block-column is-layout-flow wp-block-column-is-layout-flow\" style=\"flex-basis:17%\">\n<p class=\"plastic-number\"><em>0<\/em>3.<\/p>\n<\/div>\n\n\n\n<div class=\"wp-block-column is-layout-flow wp-block-column-is-layout-flow\" style=\"flex-basis:83%\">\n<h3 class=\"wp-block-heading\">KALEIDO WOODEC Fa megjelen\u00e9s \u00e9s tapint\u00e1s \u2013 fest\u00e9s n\u00e9lk\u00fcl<\/h3>\n\n\n\n<p>A <strong>KALEIDO WOODEC<\/strong> matt fel\u00fcletei nemcsak sz\u00e9pek, hanem fel\u00fcletstrukt\u00far\u00e1juk is megt\u00e9veszt\u0151en hasonl\u00edt az igazi f\u00e1\u00e9ra. Meg fog lep\u0151dni azon, hogy mennyire neh\u00e9z megk\u00fcl\u00f6nb\u00f6ztetni a KALEIDO WOODEC m\u0171anyag ablakokat a val\u00f3di fa ablakokt\u00f3l. Az extra el\u0151ny, hogy a m\u0171anyag ablakok csak minim\u00e1lis \u00e1pol\u00e1st ig\u00e9nyelnek, \u00edgy nemcsak eszt\u00e9tikusak, hanem k\u00f6nnyen karbantarthat\u00f3k is. KALEIDO WOODEC &#8211; a fa megjelen\u00e9s\u00e9nek \u00e9s a modern m\u0171anyag ablakok el\u0151nyeinek t\u00f6k\u00e9letes egyens\u00falya.<\/p>\n<\/div>\n<\/div>\n<\/div>\n\n\n\n<div class=\"wp-block-column is-layout-flow wp-block-column-is-layout-flow\">\n<div class=\"wp-block-columns is-layout-flex wp-container-core-columns-is-layout-9d6595d7 wp-block-columns-is-layout-flex\">\n<div class=\"wp-block-column is-layout-flow wp-block-column-is-layout-flow\" style=\"flex-basis:17%\">\n<p class=\"plastic-number\"><em>02<\/em>.<\/p>\n<\/div>\n\n\n\n<div class=\"wp-block-column is-layout-flow wp-block-column-is-layout-flow\" style=\"flex-basis:83%\">\n<h3 class=\"wp-block-heading\">KALEIDO FOIL &#8211; Egyedi Hangulatok Fa-, Egysz\u00edn\u0171 \u00e9s F\u00e9mes Dekorokkal<\/h3>\n\n\n\n<p>A REHAU \u00e1ltal k\u00edn\u00e1lt <strong>KALEIDO FOIL<\/strong> a dekorok vil\u00e1g\u00e1ba vezet minket, amellyel k\u00fcl\u00f6nleges hangulatok \u00e9s st\u00edlusok val\u00f3s\u00edthat\u00f3k meg. A REHAU dekorokat el\u0151zetesen ragaszt\u00f3val kezelik, majd speci\u00e1lis elj\u00e1r\u00e1ssal \u00e9s korszer\u0171 g\u00e9pek seg\u00edts\u00e9g\u00e9vel k\u00edm\u00e9letesen alkalmazz\u00e1k az ablakprofilokra.<\/p>\n\n\n\n<p>A PVC-f\u00f3lia k\u00e9tr\u00e9teg\u0171 szerkezet\u0171: az alapf\u00f3lia egysz\u00edn\u0171 vagy nyomtatott mint\u00e1zat\u00fa, m\u00edg az \u00e1tl\u00e1tsz\u00f3 PMMA fels\u0151 r\u00e9teg v\u00e9di a sz\u00edneket \u00e9s dekorokat az UV-sug\u00e1rz\u00e1s okozta kifakul\u00e1st\u00f3l, valamint az id\u0151j\u00e1r\u00e1s egy\u00e9b hat\u00e1sait\u00f3l. A KALEIDO FOIL dekorok mind k\u00edv\u00fcl, mind bel\u00fcl rendk\u00edv\u00fcl eszt\u00e9tikusak, \u00edgy lehet\u0151v\u00e9 t\u00e9ve, hogy az ablakok k\u00fcls\u0151 \u00e9s bels\u0151 ter\u00e9ben is egyedi \u00e9s hangulatos atmoszf\u00e9r\u00e1t teremthessen.<\/p>\n\n\n\n<div style=\"height:2rem\" aria-hidden=\"true\" class=\"wp-block-spacer\"><\/div>\n\n\n\n<div class=\"wp-block-columns is-not-stacked-on-mobile plastic-img3 is-layout-flex wp-container-core-columns-is-layout-9d6595d7 wp-block-columns-is-layout-flex\">\n<div class=\"wp-block-column is-layout-flow wp-block-column-is-layout-flow\">\n<figure class=\"wp-block-image size-full\"><img loading=\"lazy\" decoding=\"async\" width=\"135\" height=\"135\" src=\"https:\/\/www.fortbau.hu\/nyilaszaro\/wp-content\/uploads\/2024\/04\/Group-127801.png\" alt=\"\" class=\"wp-image-325\"\/><\/figure>\n\n\n\n<p class=\"has-text-align-center plastic-number\"><em>01.<\/em><\/p>\n<\/div>\n\n\n\n<div class=\"wp-block-column is-layout-flow wp-block-column-is-layout-flow\">\n<figure class=\"wp-block-image size-full\"><img loading=\"lazy\" decoding=\"async\" width=\"135\" height=\"135\" src=\"https:\/\/www.fortbau.hu\/nyilaszaro\/wp-content\/uploads\/2024\/04\/Group-127799.png\" alt=\"\" class=\"wp-image-326\"\/><\/figure>\n\n\n\n<p class=\"has-text-align-center plastic-number\"><em>02.<\/em><\/p>\n<\/div>\n\n\n\n<div class=\"wp-block-column is-layout-flow wp-block-column-is-layout-flow\">\n<figure class=\"wp-block-image size-full\"><img loading=\"lazy\" decoding=\"async\" width=\"135\" height=\"135\" src=\"https:\/\/www.fortbau.hu\/nyilaszaro\/wp-content\/uploads\/2024\/04\/Group-127800.png\" alt=\"\" class=\"wp-image-327\"\/><\/figure>\n\n\n\n<p class=\"has-text-align-center plastic-number\"><em>03.<\/em><\/p>\n<\/div>\n<\/div>\n<\/div>\n<\/div>\n<\/div>\n<\/div>\n<\/div><\/div>\n<\/div><\/section>\n<\/div><\/div>\n<\/div><\/div>\n\n\n\n<section class=\"wp-block-group footer-offer\"><div class=\"wp-block-group__inner-container is-layout-constrained wp-block-group-is-layout-constrained\">\n<section class=\"wp-block-cb-wide full-wide cover center-center auto-padding\" style=\"background-image:url(https:\/\/www.fortbau.hu\/nyilaszaro\/wp-content\/uploads\/2024\/04\/shutterstock_1900629658.png)\"><div class=\"content-box\">\n<div class=\"wp-block-columns is-layout-flex wp-container-core-columns-is-layout-9d6595d7 wp-block-columns-is-layout-flex\">\n<div class=\"wp-block-column is-layout-flow wp-block-column-is-layout-flow\" style=\"flex-basis:45%\">\n<figure class=\"wp-block-image size-full\"><img loading=\"lazy\" decoding=\"async\" width=\"749\" height=\"411\" src=\"https:\/\/www.fortbau.hu\/nyilaszaro\/wp-content\/uploads\/2024\/04\/shutterstock_2305766699.png\" alt=\"\" class=\"wp-image-108\"\/><\/figure>\n<\/div>\n\n\n\n<div class=\"wp-block-column footer-offer-col2 is-layout-flow wp-block-column-is-layout-flow\" style=\"flex-basis:45%\">\n<h2 class=\"wp-block-heading\">K\u00e9rjen aj\u00e1nlatot most!<\/h2>\n\n\n\n<div class=\"wp-block-buttons button-offer is-layout-flex wp-block-buttons-is-layout-flex\">\n<div class=\"wp-block-button\"><a class=\"wp-block-button__link wp-element-button\">Aj\u00e1nlatot k\u00e9rek<\/a><\/div>\n<\/div>\n<\/div>\n\n\n\n<div class=\"wp-block-column is-vertically-aligned-center is-layout-flow wp-block-column-is-layout-flow\" style=\"flex-basis:10%\"><div class=\"wp-block-image\">\n<figure class=\"aligncenter size-large\" id=\"gotop\"><img loading=\"lazy\" decoding=\"async\" width=\"108\" height=\"108\" src=\"https:\/\/www.fortbau.hu\/nyilaszaro\/wp-content\/uploads\/2024\/04\/gotop.svg\" alt=\"\" class=\"wp-image-160\"\/><\/figure>\n<\/div><\/div>\n<\/div>\n<\/div><\/section>\n<\/div><\/section>\n","protected":false},"excerpt":{"rendered":"<p>M\u0171anyag ny\u00edl\u00e1sz\u00e1r\u00f3k Egyedi megold\u00e1sok az \u00d6N IG\u00c9NYEIRE SZABVA! Legyen st\u00edlusos az Otthona! A REHAU ny\u00edl\u00e1sz\u00e1r\u00f3k lehet\u0151v\u00e9 teszik, hogy &#8230;<\/p>\n","protected":false},"author":1,"featured_media":0,"parent":0,"menu_order":0,"comment_status":"closed","ping_status":"closed","template":"","meta":{"inline_featured_image":false,"footnotes":""},"class_list":["post-377","page","type-page","status-publish","hentry"],"_links":{"self":[{"href":"https:\/\/www.fortbau.hu\/nyilaszaro\/wp-json\/wp\/v2\/pages\/377","targetHints":{"allow":["GET"]}}],"collection":[{"href":"https:\/\/www.fortbau.hu\/nyilaszaro\/wp-json\/wp\/v2\/pages"}],"about":[{"href":"https:\/\/www.fortbau.hu\/nyilaszaro\/wp-json\/wp\/v2\/types\/page"}],"author":[{"embeddable":true,"href":"https:\/\/www.fortbau.hu\/nyilaszaro\/wp-json\/wp\/v2\/users\/1"}],"replies":[{"embeddable":true,"href":"https:\/\/www.fortbau.hu\/nyilaszaro\/wp-json\/wp\/v2\/comments?post=377"}],"version-history":[{"count":20,"href":"https:\/\/www.fortbau.hu\/nyilaszaro\/wp-json\/wp\/v2\/pages\/377\/revisions"}],"predecessor-version":[{"id":912,"href":"https:\/\/www.fortbau.hu\/nyilaszaro\/wp-json\/wp\/v2\/pages\/377\/revisions\/912"}],"wp:attachment":[{"href":"https:\/\/www.fortbau.hu\/nyilaszaro\/wp-json\/wp\/v2\/media?parent=377"}],"curies":[{"name":"wp","href":"https:\/\/api.w.org\/{rel}","templated":true}]}}