{"id":24,"date":"2024-04-04T04:37:28","date_gmt":"2024-04-04T02:37:28","guid":{"rendered":"https:\/\/www.fortbau.hu\/nyilaszaro\/?page_id=24"},"modified":"2024-04-27T19:30:32","modified_gmt":"2024-04-27T17:30:32","slug":"szolgaltatasok","status":"publish","type":"page","link":"https:\/\/www.fortbau.hu\/nyilaszaro\/szolgaltatasok\/","title":{"rendered":"Szolg\u00e1ltat\u00e1sok"},"content":{"rendered":"\n<div class=\"wp-block-group services-page\"><div class=\"wp-block-group__inner-container is-layout-constrained wp-block-group-is-layout-constrained\">\n<h1 class=\"wp-block-heading\">Szolg\u00e1ltat\u00e1sok<\/h1>\n\n\n\n<div class=\"wp-block-group services-col1\"><div class=\"wp-block-group__inner-container is-layout-constrained wp-block-group-is-layout-constrained\">\n<div class=\"wp-block-columns is-layout-flex wp-container-core-columns-is-layout-9d6595d7 wp-block-columns-is-layout-flex\">\n<div class=\"wp-block-column services-img is-layout-flow wp-block-column-is-layout-flow\" style=\"flex-basis:50%\">\n<figure class=\"wp-block-image size-full\"><img loading=\"lazy\" decoding=\"async\" width=\"621\" height=\"426\" src=\"https:\/\/www.fortbau.hu\/nyilaszaro\/wp-content\/uploads\/2024\/04\/shutterstock_2154763051.png\" alt=\"\" class=\"wp-image-397\"\/><\/figure>\n<\/div>\n\n\n\n<div class=\"wp-block-column is-layout-flow wp-block-column-is-layout-flow\" style=\"flex-basis:50%\">\n<div class=\"wp-block-group plastic-line\"><div class=\"wp-block-group__inner-container is-layout-constrained wp-block-group-is-layout-constrained\">\n<div class=\"wp-block-group is-nowrap is-layout-flex wp-container-core-group-is-layout-ad2f72ca wp-block-group-is-layout-flex\">\n<p class=\"plastic-number\"><em>01.<\/em><\/p>\n\n\n\n<h2 class=\"wp-block-heading\">Ingyenes helysz\u00edni felm\u00e9r\u00e9s \u00e9s tan\u00e1csad\u00e1s<\/h2>\n<\/div>\n\n\n\n<p>Tapasztalt szakembereink k\u00f6telezetts\u00e9gek n\u00e9lk\u00fcl seg\u00edtenek a legoptim\u00e1lisabb ny\u00edl\u00e1sz\u00e1r\u00f3 megold\u00e1sok kiv\u00e1laszt\u00e1s\u00e1ban igazodva az \u00d6n ig\u00e9nyeihez, az adott helysz\u00edn saj\u00e1toss\u00e1gaihoz.<\/p>\n\n\n\n<div style=\"height:20px\" aria-hidden=\"true\" class=\"wp-block-spacer\"><\/div>\n<\/div><\/div>\n<\/div>\n<\/div>\n<\/div><\/div>\n\n\n\n<div class=\"wp-block-group services-col2\"><div class=\"wp-block-group__inner-container is-layout-constrained wp-block-group-is-layout-constrained\">\n<div class=\"wp-block-columns is-layout-flex wp-container-core-columns-is-layout-9d6595d7 wp-block-columns-is-layout-flex\">\n<div class=\"wp-block-column services-cols2 is-layout-flow wp-block-column-is-layout-flow\" style=\"flex-basis:50%\">\n<div class=\"wp-block-group plastic-line2\"><div class=\"wp-block-group__inner-container is-layout-constrained wp-block-group-is-layout-constrained\">\n<div class=\"wp-block-group is-nowrap is-layout-flex wp-container-core-group-is-layout-ad2f72ca wp-block-group-is-layout-flex\">\n<p class=\"plastic-number\"><em>02.<\/em><\/p>\n\n\n\n<h2 class=\"wp-block-heading\">Tapasztalat \u00e9s teljes k\u00f6r\u0171 szolg\u00e1ltat\u00e1s<\/h2>\n<\/div>\n\n\n\n<p>T\u00f6bb mint 20 \u00e9ves tapasztalattal a ny\u00edl\u00e1sz\u00e1r\u00f3gy\u00e1rt\u00e1s \u00e9s -be\u00e9p\u00edt\u00e9s ter\u00fclet\u00e9n, profi \u00e9s \u00fcgyf\u00e9lbar\u00e1t szerel\u0151csapatunk r\u00f6vid hat\u00e1rid\u0151vel val\u00f3s\u00edtja meg a be\u00e9p\u00edt\u00e9seket.<\/p>\n\n\n\n<p>Fedezze fel c\u00e9g\u00fcnk szolg\u00e1ltat\u00e1sait, \u00e9s b\u00edzza r\u00e1nk az otthona vagy irod\u00e1ja ny\u00edl\u00e1sz\u00e1r\u00f3inak tervez\u00e9s\u00e9t, gy\u00e1rt\u00e1s\u00e1t \u00e9s be\u00e9p\u00edt\u00e9s\u00e9t! A min\u0151s\u00e9g \u00e9s el\u00e9gedetts\u00e9g a mi els\u0151dleges c\u00e9lunk!<\/p>\n\n\n\n<div style=\"height:20px\" aria-hidden=\"true\" class=\"wp-block-spacer\"><\/div>\n<\/div><\/div>\n<\/div>\n\n\n\n<div class=\"wp-block-column services-img is-layout-flow wp-block-column-is-layout-flow\" style=\"flex-basis:50%\"><div class=\"wp-block-image\">\n<figure class=\"alignright size-full\"><img loading=\"lazy\" decoding=\"async\" width=\"620\" height=\"426\" src=\"https:\/\/www.fortbau.hu\/nyilaszaro\/wp-content\/uploads\/2024\/04\/shutterstock_719818573-1.png\" alt=\"\" class=\"wp-image-411\"\/><\/figure>\n<\/div><\/div>\n<\/div>\n<\/div><\/div>\n\n\n\n<div class=\"wp-block-group services-col1\"><div class=\"wp-block-group__inner-container is-layout-constrained wp-block-group-is-layout-constrained\">\n<div class=\"wp-block-columns is-layout-flex wp-container-core-columns-is-layout-9d6595d7 wp-block-columns-is-layout-flex\">\n<div class=\"wp-block-column services-img is-layout-flow wp-block-column-is-layout-flow\" style=\"flex-basis:50%\">\n<figure class=\"wp-block-image size-full\"><img loading=\"lazy\" decoding=\"async\" width=\"621\" height=\"426\" src=\"https:\/\/www.fortbau.hu\/nyilaszaro\/wp-content\/uploads\/2024\/04\/geppark-ser.png\" alt=\"\" class=\"wp-image-414\"\/><\/figure>\n<\/div>\n\n\n\n<div class=\"wp-block-column is-layout-flow wp-block-column-is-layout-flow\" style=\"flex-basis:50%\">\n<div class=\"wp-block-group plastic-line\"><div class=\"wp-block-group__inner-container is-layout-constrained wp-block-group-is-layout-constrained\">\n<div class=\"wp-block-group is-nowrap is-layout-flex wp-container-core-group-is-layout-ad2f72ca wp-block-group-is-layout-flex\">\n<p class=\"plastic-number\"><em>03.<\/em><\/p>\n\n\n\n<h2 class=\"wp-block-heading\">Gy\u00e1rt\u00e1s egyedi ig\u00e9nyek alapj\u00e1n<\/h2>\n<\/div>\n\n\n\n<p>A CNC vez\u00e9rl\u00e9s\u0171 automata gy\u00e1rt\u00f3g\u00e9psorunknak k\u00f6sz\u00f6nhet\u0151en tudjuk biztos\u00edtani a m\u0171anyag ny\u00edl\u00e1sz\u00e1r\u00f3k prec\u00edz \u00e9s egyedi gy\u00e1rt\u00e1s\u00e1t.<\/p>\n\n\n\n<p>A Rehau m\u0171anyag profilok \u00e9s Roto NX vasalatrendszer haszn\u00e1lat\u00e1val garant\u00e1ljuk a magas min\u0151s\u00e9get \u00e9s tart\u00f3ss\u00e1got.<\/p>\n\n\n\n<div style=\"height:20px\" aria-hidden=\"true\" class=\"wp-block-spacer\"><\/div>\n<\/div><\/div>\n<\/div>\n<\/div>\n<\/div><\/div>\n\n\n\n<div class=\"wp-block-group services-col2\"><div class=\"wp-block-group__inner-container is-layout-constrained wp-block-group-is-layout-constrained\">\n<div class=\"wp-block-columns is-layout-flex wp-container-core-columns-is-layout-9d6595d7 wp-block-columns-is-layout-flex\">\n<div class=\"wp-block-column services-cols2 is-layout-flow wp-block-column-is-layout-flow\" style=\"flex-basis:50%\">\n<div class=\"wp-block-group plastic-line2\"><div class=\"wp-block-group__inner-container is-layout-constrained wp-block-group-is-layout-constrained\">\n<div class=\"wp-block-group is-nowrap is-layout-flex wp-container-core-group-is-layout-ad2f72ca wp-block-group-is-layout-flex\">\n<p class=\"plastic-number\"><em>04.<\/em><\/p>\n\n\n\n<h2 class=\"wp-block-heading\">\u00c1rny\u00e9kol\u00f3k forgalmaz\u00e1sa<\/h2>\n<\/div>\n\n\n\n<p>Kiterjedt besz\u00e1ll\u00edt\u00f3i partnerh\u00e1l\u00f3zatunknak k\u00f6sz\u00f6nhet\u0151en, szinte minden ig\u00e9ny\u00e9t ki tudjuk el\u00e9g\u00edteni az \u00e1rny\u00e9kol\u00e1stechnika ter\u00e9n.<\/p>\n\n\n\n<div style=\"height:20px\" aria-hidden=\"true\" class=\"wp-block-spacer\"><\/div>\n<\/div><\/div>\n<\/div>\n\n\n\n<div class=\"wp-block-column services-img is-layout-flow wp-block-column-is-layout-flow\" style=\"flex-basis:50%\"><div class=\"wp-block-image\">\n<figure class=\"alignright size-full\"><img loading=\"lazy\" decoding=\"async\" width=\"620\" height=\"426\" src=\"https:\/\/www.fortbau.hu\/nyilaszaro\/wp-content\/uploads\/2024\/04\/980-D839_CL-ser.png\" alt=\"\" class=\"wp-image-416\"\/><\/figure>\n<\/div><\/div>\n<\/div>\n<\/div><\/div>\n\n\n\n<div class=\"wp-block-group services-col1\"><div class=\"wp-block-group__inner-container is-layout-constrained wp-block-group-is-layout-constrained\">\n<div class=\"wp-block-columns is-layout-flex wp-container-core-columns-is-layout-9d6595d7 wp-block-columns-is-layout-flex\">\n<div class=\"wp-block-column services-img is-layout-flow wp-block-column-is-layout-flow\" style=\"flex-basis:50%\">\n<figure class=\"wp-block-image size-full\"><img loading=\"lazy\" decoding=\"async\" width=\"622\" height=\"426\" src=\"https:\/\/www.fortbau.hu\/nyilaszaro\/wp-content\/uploads\/2024\/04\/shutterstock_1095566351.png\" alt=\"\" class=\"wp-image-417\"\/><\/figure>\n<\/div>\n\n\n\n<div class=\"wp-block-column is-layout-flow wp-block-column-is-layout-flow\" style=\"flex-basis:50%\">\n<div class=\"wp-block-group plastic-line\"><div class=\"wp-block-group__inner-container is-layout-constrained wp-block-group-is-layout-constrained\">\n<div class=\"wp-block-group is-nowrap is-layout-flex wp-container-core-group-is-layout-ad2f72ca wp-block-group-is-layout-flex\">\n<p class=\"plastic-number\"><em>05.<\/em><\/p>\n\n\n\n<h2 class=\"wp-block-heading\">Sz\u00e9les szolg\u00e1ltat\u00e1si k\u00f6rzet<\/h2>\n<\/div>\n\n\n\n<p>Szolg\u00e1ltat\u00e1si k\u00f6rzet\u00fcnk N\u00f3gr\u00e1d v\u00e1rmegye mellett kiterjed, Budapest, Pest, Heves, Fej\u00e9r \u00e9s Kom\u00e1rom-Esztergom megy\u00e9kre. Term\u00e9szetesen egyeztet\u00e9s alapj\u00e1n szolg\u00e1ltat\u00e1sainkat kiterjesztj\u00fck sz\u00fcks\u00e9g eset\u00e9n az orsz\u00e1g m\u00e1s ter\u00fcleteire is.<\/p>\n\n\n\n<div style=\"height:20px\" aria-hidden=\"true\" class=\"wp-block-spacer\"><\/div>\n<\/div><\/div>\n<\/div>\n<\/div>\n<\/div><\/div>\n<\/div><\/div>\n\n\n\n<section class=\"wp-block-group footer-offer\"><div class=\"wp-block-group__inner-container is-layout-constrained wp-block-group-is-layout-constrained\">\n<section class=\"wp-block-cb-wide full-wide cover center-center auto-padding\" style=\"background-image:url(https:\/\/www.fortbau.hu\/nyilaszaro\/wp-content\/uploads\/2024\/04\/Group-127694.png)\"><div class=\"content-box\">\n<div class=\"wp-block-columns is-layout-flex wp-container-core-columns-is-layout-9d6595d7 wp-block-columns-is-layout-flex\">\n<div class=\"wp-block-column is-layout-flow wp-block-column-is-layout-flow\" style=\"flex-basis:45%\">\n<figure class=\"wp-block-image size-full\"><img loading=\"lazy\" decoding=\"async\" width=\"749\" height=\"411\" src=\"https:\/\/www.fortbau.hu\/nyilaszaro\/wp-content\/uploads\/2024\/04\/shutterstock_2305766699.png\" alt=\"\" class=\"wp-image-108\"\/><\/figure>\n<\/div>\n\n\n\n<div class=\"wp-block-column footer-offer-col2 is-layout-flow wp-block-column-is-layout-flow\" style=\"flex-basis:45%\">\n<h2 class=\"wp-block-heading has-white-color has-text-color has-link-color wp-elements-37c4fca712a202875ae93079c4dff791\">K\u00e9rjen aj\u00e1nlatot most!<\/h2>\n\n\n\n<div class=\"wp-block-buttons button-offer is-layout-flex wp-block-buttons-is-layout-flex\">\n<div class=\"wp-block-button\"><a class=\"wp-block-button__link wp-element-button\" href=\"https:\/\/www.fortbau.hu\/nyilaszaro\/kapcsolat\/\">Aj\u00e1nlatot k\u00e9rek<\/a><\/div>\n<\/div>\n<\/div>\n\n\n\n<div class=\"wp-block-column is-vertically-aligned-center is-layout-flow wp-block-column-is-layout-flow\" style=\"flex-basis:10%\"><div class=\"wp-block-image\">\n<figure class=\"aligncenter size-large\" id=\"gotop\"><img loading=\"lazy\" decoding=\"async\" width=\"108\" height=\"108\" src=\"https:\/\/www.fortbau.hu\/nyilaszaro\/wp-content\/uploads\/2024\/04\/gotop.svg\" alt=\"\" class=\"wp-image-160\"\/><\/figure>\n<\/div><\/div>\n<\/div>\n<\/div><\/section>\n<\/div><\/section>\n","protected":false},"excerpt":{"rendered":"<p>Szolg\u00e1ltat\u00e1sok 01. Ingyenes helysz\u00edni felm\u00e9r\u00e9s \u00e9s tan\u00e1csad\u00e1s Tapasztalt szakembereink k\u00f6telezetts\u00e9gek n\u00e9lk\u00fcl seg\u00edtenek a legoptim\u00e1lisabb ny\u00edl\u00e1sz\u00e1r\u00f3 megold\u00e1sok kiv\u00e1laszt\u00e1s\u00e1ban igazodva &#8230;<\/p>\n","protected":false},"author":1,"featured_media":0,"parent":0,"menu_order":0,"comment_status":"closed","ping_status":"closed","template":"","meta":{"inline_featured_image":false,"footnotes":""},"class_list":["post-24","page","type-page","status-publish","hentry"],"_links":{"self":[{"href":"https:\/\/www.fortbau.hu\/nyilaszaro\/wp-json\/wp\/v2\/pages\/24","targetHints":{"allow":["GET"]}}],"collection":[{"href":"https:\/\/www.fortbau.hu\/nyilaszaro\/wp-json\/wp\/v2\/pages"}],"about":[{"href":"https:\/\/www.fortbau.hu\/nyilaszaro\/wp-json\/wp\/v2\/types\/page"}],"author":[{"embeddable":true,"href":"https:\/\/www.fortbau.hu\/nyilaszaro\/wp-json\/wp\/v2\/users\/1"}],"replies":[{"embeddable":true,"href":"https:\/\/www.fortbau.hu\/nyilaszaro\/wp-json\/wp\/v2\/comments?post=24"}],"version-history":[{"count":34,"href":"https:\/\/www.fortbau.hu\/nyilaszaro\/wp-json\/wp\/v2\/pages\/24\/revisions"}],"predecessor-version":[{"id":932,"href":"https:\/\/www.fortbau.hu\/nyilaszaro\/wp-json\/wp\/v2\/pages\/24\/revisions\/932"}],"wp:attachment":[{"href":"https:\/\/www.fortbau.hu\/nyilaszaro\/wp-json\/wp\/v2\/media?parent=24"}],"curies":[{"name":"wp","href":"https:\/\/api.w.org\/{rel}","templated":true}]}}