{"id":22,"date":"2024-04-04T04:37:15","date_gmt":"2024-04-04T02:37:15","guid":{"rendered":"https:\/\/www.fortbau.hu\/nyilaszaro\/?page_id=22"},"modified":"2024-04-27T19:29:55","modified_gmt":"2024-04-27T17:29:55","slug":"arnyekolastechnika","status":"publish","type":"page","link":"https:\/\/www.fortbau.hu\/nyilaszaro\/arnyekolastechnika\/","title":{"rendered":"\u00c1rny\u00e9kol\u00e1stechnika"},"content":{"rendered":"\n<div class=\"wp-block-group shadow-page\"><div class=\"wp-block-group__inner-container is-layout-constrained wp-block-group-is-layout-constrained\">\n<div class=\"wp-block-group shadow-col1\"><div class=\"wp-block-group__inner-container is-layout-constrained wp-block-group-is-layout-constrained\">\n<div class=\"wp-block-columns is-layout-flex wp-container-core-columns-is-layout-9d6595d7 wp-block-columns-is-layout-flex\">\n<div class=\"wp-block-column is-layout-flow wp-block-column-is-layout-flow\">\n<h1 class=\"wp-block-heading\">\u00c1rny\u00e9kol\u00e1stechnika<\/h1>\n<\/div>\n\n\n\n<div class=\"wp-block-column is-layout-flow wp-block-column-is-layout-flow\">\n<p class=\"has-text-color has-link-color has-medium-font-size wp-elements-f402e27bf016102615030eb9fb455dc5\" style=\"color:#8b6f4e\"><em>VEGYE A KEZ\u00c9BE AZ IR\u00c1NY\u00cdT\u00c1ST!<\/em><\/p>\n\n\n\n<ul class=\"wp-block-list\">\n<li><strong>Uralja a napf\u00e9nyt!<\/strong><\/li>\n\n\n\n<li><strong>V\u00e1ltoztassa a t\u00e9r vil\u00e1g\u00edt\u00e1s\u00e1t!<\/strong><\/li>\n\n\n\n<li><strong>Alak\u00edtsa h\u0151m\u00e9rs\u00e9klet\u00e9t egy\u00e9ni ig\u00e9nyei szerint!<\/strong><\/li>\n<\/ul>\n\n\n\n<p>Kiv\u00e1l\u00f3 min\u0151s\u00e9g\u0171 \u00e1rny\u00e9kol\u00e1stechnikai megold\u00e1sokat k\u00edn\u00e1lunk, ahogy a ny\u00edl\u00e1sz\u00e1r\u00f3k ter\u00e9n sem, \u00fagy az \u00e1rny\u00e9kol\u00e1stechnika ter\u00e9n sem ismer\u00fcnk kompromisszumokat!<\/p>\n<\/div>\n<\/div>\n<\/div><\/div>\n\n\n\n<div id=\"redonyok\" class=\"wp-block-group shadow-col2\"><div class=\"wp-block-group__inner-container is-layout-constrained wp-block-group-is-layout-constrained\">\n<section class=\"wp-block-cb-wide full-wide auto-padding\" style=\"background-color:rgba(139,111,78,0.15)\"><div class=\"content-box\">\n<div class=\"wp-block-group euro-page-cols4\"><div class=\"wp-block-group__inner-container is-layout-constrained wp-block-group-is-layout-constrained\">\n<div class=\"wp-block-columns is-layout-flex wp-container-core-columns-is-layout-9d6595d7 wp-block-columns-is-layout-flex\">\n<div class=\"wp-block-column is-vertically-aligned-stretch is-layout-flow wp-block-column-is-layout-flow\" style=\"flex-basis:45%\">\n<div class=\"wp-block-columns shadow-col2-img is-layout-flex wp-container-core-columns-is-layout-9d6595d7 wp-block-columns-is-layout-flex\">\n<div class=\"wp-block-column is-vertically-aligned-stretch is-layout-flow wp-block-column-is-layout-flow\" style=\"flex-basis:83%\">\n<figure class=\"wp-block-image alignfull size-full\"><img loading=\"lazy\" decoding=\"async\" width=\"735\" height=\"542\" src=\"https:\/\/www.fortbau.hu\/nyilaszaro\/wp-content\/uploads\/2024\/04\/shutterstock_2158894915_redonyok-1.png\" alt=\"\" class=\"wp-image-464\"\/><\/figure>\n<\/div>\n<\/div>\n<\/div>\n\n\n\n<div class=\"wp-block-column shadow-col2-text is-layout-flow wp-block-column-is-layout-flow\" style=\"flex-basis:55%\">\n<div class=\"wp-block-columns shadow-col2-title is-layout-flex wp-container-core-columns-is-layout-9d6595d7 wp-block-columns-is-layout-flex\">\n<div class=\"wp-block-column is-layout-flow wp-block-column-is-layout-flow\" style=\"flex-basis:83%\">\n<h3 class=\"wp-block-heading line-h3\">ALUM\u00cdNIUMRED\u0150NY<\/h3>\n\n\n\n<p class=\"no-margin\"><strong>Eszt\u00e9tika \u00e9s Funkcionalit\u00e1s Egyes\u00edtve<\/strong><\/p>\n<\/div>\n<\/div>\n\n\n\n<p>A megb\u00edzhat\u00f3 alum\u00edniumred\u0151ny nem csup\u00e1n l\u00e1tv\u00e1nyos megjelen\u00e9st k\u00f6lcs\u00f6n\u00f6z a ny\u00edl\u00e1sz\u00e1r\u00f3knak, hanem hossz\u00fa \u00e9lettartammal rendelkezik.<\/p>\n\n\n\n<p>Kiemelked\u0151 h\u0151szigetel\u0151 k\u00e9pess\u00e9ge j\u00f3val meghaladja a m\u0171anyag red\u0151ny\u00f6k teljes\u00edtm\u00e9ny\u00e9t.<\/p>\n\n\n\n<p class=\"strong-gray\"><strong>A sz\u00ednterezett fest\u00e9snek k\u00f6sz\u00f6nhet\u0151en:<\/strong><\/p>\n\n\n\n<ul class=\"wp-block-list\">\n<li>sz\u00e9les sz\u00ednv\u00e1laszt\u00e9kban el\u00e9rhet\u0151 <\/li>\n\n\n\n<li>hossz\u00fa ideig meg\u0151rzi eredeti sz\u00edn\u00e9t<\/li>\n\n\n\n<li>ellen\u00e1ll az id\u0151j\u00e1r\u00e1s viszontags\u00e1gainak.<\/li>\n<\/ul>\n\n\n\n<p>El\u00e9rhet\u0151 motoriz\u00e1lt, sz\u00fanyogh\u00e1l\u00f3val kombin\u00e1lt \u00e9s vakolhat\u00f3 v\u00e1ltozatban is.<\/p>\n<\/div>\n<\/div>\n<\/div><\/div>\n\n\n\n<div style=\"height:3rem\" aria-hidden=\"true\" class=\"wp-block-spacer\"><\/div>\n\n\n\n<div class=\"wp-block-group euro-page-cols4\"><div class=\"wp-block-group__inner-container is-layout-constrained wp-block-group-is-layout-constrained\">\n<div class=\"wp-block-columns is-layout-flex wp-container-core-columns-is-layout-9d6595d7 wp-block-columns-is-layout-flex\">\n<div class=\"wp-block-column shadow-col2-text2 is-layout-flow wp-block-column-is-layout-flow\" style=\"flex-basis:55%\">\n<div class=\"wp-block-columns shadow-col2-title is-layout-flex wp-container-core-columns-is-layout-9d6595d7 wp-block-columns-is-layout-flex\">\n<div class=\"wp-block-column is-layout-flow wp-block-column-is-layout-flow\" style=\"flex-basis:83%\">\n<h3 class=\"wp-block-heading line-h3\">M\u0170ANYAG RED\u0150NY<\/h3>\n\n\n\n<p class=\"no-margin\"><strong>Hagyom\u00e1ny \u00e9s Hat\u00e9konys\u00e1g<\/strong><\/p>\n<\/div>\n<\/div>\n\n\n\n<p>A hagyom\u00e1nyos m\u0171anyag red\u0151ny\u00f6k, tal\u00e1n a legismertebb \u00e9s legkedveltebb megold\u00e1sok, amikor fontos szempont a praktikum \u00e9s k\u00f6lts\u00e9ghat\u00e9konys\u00e1g. Ma m\u00e1r t\u00f6bb alapsz\u00ednben gy\u00e1rtjuk red\u0151nyeinket, \u00edgy k\u00f6nnyed\u00e9n megtal\u00e1lhatja azt a sz\u00ednt, amely harmoniz\u00e1l az \u00d6n otthon\u00e1val.<\/p>\n\n\n\n<p class=\"strong-gray\"><strong>Ezek a red\u0151ny\u00f6k:<\/strong><\/p>\n\n\n\n<ul class=\"wp-block-list\">\n<li>k\u00f6nnyen kezelhet\u0151k <\/li>\n\n\n\n<li>\u00e1ruk kedvez\u0151 <\/li>\n\n\n\n<li>szinte minden ny\u00edl\u00e1sz\u00e1r\u00f3ra felszerelhet\u0151k<\/li>\n\n\n\n<li> hat\u00e9konyan cs\u00f6kkentik a k\u00fcls\u0151 zajokat <\/li>\n\n\n\n<li>teljes s\u00f6t\u00e9t\u00edt\u00e9s biztos\u00edtanak <\/li>\n\n\n\n<li>v\u00e9denek a perzsel\u0151 ny\u00e1ri nap ellen.<\/li>\n<\/ul>\n<\/div>\n\n\n\n<div class=\"wp-block-column is-layout-flow wp-block-column-is-layout-flow\" style=\"flex-basis:45%\">\n<div class=\"wp-block-columns shadow-col2-img2 is-layout-flex wp-container-core-columns-is-layout-9d6595d7 wp-block-columns-is-layout-flex\">\n<div class=\"wp-block-column is-layout-flow wp-block-column-is-layout-flow\" style=\"flex-basis:83%\"><div class=\"wp-block-image\">\n<figure class=\"alignright size-full\"><img loading=\"lazy\" decoding=\"async\" width=\"622\" height=\"458\" src=\"https:\/\/www.fortbau.hu\/nyilaszaro\/wp-content\/uploads\/2024\/04\/shutterstock_2158894915_redony_2.png\" alt=\"\" class=\"wp-image-460\"\/><\/figure>\n<\/div><\/div>\n<\/div>\n<\/div>\n<\/div>\n<\/div><\/div>\n<\/div><\/section>\n<\/div><\/div>\n\n\n\n<div id=\"szunyoghalok\" class=\"wp-block-group shadow-col2\"><div class=\"wp-block-group__inner-container is-layout-constrained wp-block-group-is-layout-constrained\">\n<section class=\"wp-block-cb-wide full-wide auto-padding\"><div class=\"content-box\">\n<div style=\"height:2rem\" aria-hidden=\"true\" class=\"wp-block-spacer\"><\/div>\n\n\n\n<div class=\"wp-block-group euro-page-cols4\"><div class=\"wp-block-group__inner-container is-layout-constrained wp-block-group-is-layout-constrained\">\n<div class=\"wp-block-columns is-layout-flex wp-container-core-columns-is-layout-9d6595d7 wp-block-columns-is-layout-flex\">\n<div class=\"wp-block-column is-vertically-aligned-stretch is-layout-flow wp-block-column-is-layout-flow\" style=\"flex-basis:45%\">\n<div class=\"wp-block-columns shadow-col2-img is-layout-flex wp-container-core-columns-is-layout-9d6595d7 wp-block-columns-is-layout-flex\">\n<div class=\"wp-block-column is-vertically-aligned-stretch is-layout-flow wp-block-column-is-layout-flow\" style=\"flex-basis:83%\">\n<figure class=\"wp-block-image alignfull size-full\"><img loading=\"lazy\" decoding=\"async\" width=\"624\" height=\"459\" src=\"https:\/\/www.fortbau.hu\/nyilaszaro\/wp-content\/uploads\/2024\/04\/shutterstock_1682088844_szunyoghalo_02.png\" alt=\"\" class=\"wp-image-478\"\/><\/figure>\n<\/div>\n<\/div>\n<\/div>\n\n\n\n<div class=\"wp-block-column shadow-col2-text is-layout-flow wp-block-column-is-layout-flow\" style=\"flex-basis:55%\">\n<h3 class=\"wp-block-heading line-h3\">Sz\u00fanyogh\u00e1l\u00f3k<\/h3>\n\n\n\n<p><strong>A j\u00f3 id\u0151 bek\u00f6sz\u00f6nt\u00e9vel mindenki v\u00e1gyik a friss leveg\u0151re, a term\u00e9szet k\u00f6zels\u00e9g\u00e9re. Azonban senki sem szeretn\u00e9, ha sz\u00fanyogok vagy m\u00e1s egy\u00e9b rovarok bejutn\u00e1nak a lak\u00e1sba megzavarva ezzel a nyugalmat. A sz\u00fanyogh\u00e1l\u00f3knak k\u00f6sz\u00f6nhet\u0151en a friss leveg\u0151 bejut, a k\u00e1rtev\u0151k kint maradnak.<\/strong><\/p>\n\n\n\n<p class=\"has-medium-font-size\">Szem\u00e9lyre szabott megold\u00e1sok:<\/p>\n\n\n\n<hr class=\"wp-block-separator has-alpha-channel-opacity\"\/>\n\n\n\n<p>Egyedi gy\u00e1rt\u00e1sunk garant\u00e1lja, hogy sz\u00fanyogh\u00e1l\u00f3ink t\u00f6k\u00e9letesen illeszkednek otthona st\u00edlus\u00e1hoz \u00e9s ny\u00edl\u00e1sz\u00e1r\u00f3i m\u00e9ret\u00e9hez. K\u00edn\u00e1latunkban sokf\u00e9le t\u00edpus\u00fa sz\u00fanyogh\u00e1l\u00f3 tal\u00e1lhat\u00f3, \u00edgy minden ny\u00edl\u00e1sz\u00e1r\u00f3ra \u00e9s ig\u00e9nyre megold\u00e1st ny\u00fajtunk.<\/p>\n\n\n\n<p class=\"strong-gray\"><strong>Sz\u00fanyogh\u00e1l\u00f3ink:<\/strong><\/p>\n\n\n\n<ul class=\"wp-block-list\">\n<li>k\u00f6nnyen tiszt\u00edthat\u00f3k \u00e9s karbantarthat\u00f3k<\/li>\n\n\n\n<li>hossz\u00fa t\u00e1von meg\u0151rzik hat\u00e9konys\u00e1gukat, eszt\u00e9tikus megjelen\u00e9s\u00fcket<\/li>\n\n\n\n<li>k\u00f6nnyen \u00e9s gyorsan felszerelhet\u0151k.<\/li>\n<\/ul>\n\n\n\n<p>V\u00e1lasszon sz\u00fanyogh\u00e1l\u00f3ink k\u00f6z\u00fcl \u00e9s teremtsen ide\u00e1lis k\u00f6rnyezetet a nyugodt pihen\u00e9shez! <strong>Forduljon hozz\u00e1nk bizalommal.<\/strong><\/p>\n<\/div>\n<\/div>\n<\/div><\/div>\n<\/div><\/section>\n<\/div><\/div>\n\n\n\n<div id=\"reluxa\" class=\"wp-block-group shadow-col2\"><div class=\"wp-block-group__inner-container is-layout-constrained wp-block-group-is-layout-constrained\">\n<section class=\"wp-block-cb-wide full-wide auto-padding\" style=\"background-color:rgba(139,111,78,0.15)\"><div class=\"content-box\">\n<div class=\"wp-block-group euro-page-cols4\"><div class=\"wp-block-group__inner-container is-layout-constrained wp-block-group-is-layout-constrained\">\n<div class=\"wp-block-columns is-layout-flex wp-container-core-columns-is-layout-9d6595d7 wp-block-columns-is-layout-flex\">\n<div class=\"wp-block-column shadow-col2-text is-layout-flow wp-block-column-is-layout-flow\" style=\"flex-basis:55%\">\n<h3 class=\"wp-block-heading line-h3\">Reluxa<\/h3>\n\n\n\n<p>Az eleg\u00e1ns relux\u00e1k nemcsak irod\u00e1kba, hanem lak\u00e1sokba is ide\u00e1lisak. Kiv\u00e1l\u00f3an alkalmazkodnak az \u00d6n ig\u00e9nyeihez.<\/p>\n\n\n\n<p>Egyedi m\u00e9retre gy\u00e1rtott relux\u00e1k sz\u00e9les sz\u00edn- \u00e9s m\u00e9retv\u00e1laszt\u00e9k\u00e1val v\u00e1rjuk \u00d6nt. A gy\u00e1rt\u00e1son k\u00edv\u00fcl a professzion\u00e1lis beszerel\u00e9ssel is minket b\u00edzzon meg!<\/p>\n\n\n\n<p class=\"strong-gray\"><strong>A relux\u00e1k:<\/strong><\/p>\n\n\n\n<ul class=\"wp-block-list\">\n<li>fokozatmentes f\u00e9nyer\u0151-szab\u00e1lyoz\u00e1st biztos\u00edtanak<\/li>\n\n\n\n<li>lamell\u00e1inak sz\u00f6g\u00e9vel szab\u00e1lyozhatja a be\u00e1raml\u00f3 f\u00e9ny mennyis\u00e9g\u00e9t \u00e9s ir\u00e1ny\u00e1t<\/li>\n\n\n\n<li>intimit\u00e1st teremtenek<\/li>\n\n\n\n<li>a term\u00e9szetes f\u00e9ny optim\u00e1lis kihaszn\u00e1l\u00e1s\u00e1t teszik lehet\u0151v\u00e9<\/li>\n\n\n\n<li>sz\u00e9les sz\u00ednv\u00e1laszt\u00e9kban el\u00e9rhet\u0151ek<\/li>\n<\/ul>\n\n\n\n<p><strong>Forduljon hozz\u00e1nk bizalommal:<\/strong> v\u00e1lassza a min\u0151s\u00e9get, az egyedi m\u00e9retre gy\u00e1rtott relux\u00e1inkat, \u00e9s \u00e9lvezze az eleg\u00e1ns \u00e1rny\u00e9kol\u00e1s minden el\u0151ny\u00e9t otthon\u00e1ban vagy irod\u00e1j\u00e1ban!<\/p>\n<\/div>\n\n\n\n<div class=\"wp-block-column is-vertically-aligned-stretch is-layout-flow wp-block-column-is-layout-flow\" style=\"flex-basis:45%\">\n<div class=\"wp-block-columns shadow-col2-img is-layout-flex wp-container-core-columns-is-layout-9d6595d7 wp-block-columns-is-layout-flex\">\n<div class=\"wp-block-column is-vertically-aligned-stretch is-layout-flow wp-block-column-is-layout-flow\" style=\"flex-basis:83%\">\n<figure class=\"wp-block-image alignfull size-full\"><img loading=\"lazy\" decoding=\"async\" width=\"646\" height=\"471\" src=\"https:\/\/www.fortbau.hu\/nyilaszaro\/wp-content\/uploads\/2024\/04\/shutterstock_2183694131_reluxa.png\" alt=\"\" class=\"wp-image-494\"\/><\/figure>\n<\/div>\n<\/div>\n<\/div>\n<\/div>\n<\/div><\/div>\n<\/div><\/section>\n<\/div><\/div>\n\n\n\n<div id=\"zsaluzia\" class=\"wp-block-group shadow-col2 shadow-col5\"><div class=\"wp-block-group__inner-container is-layout-constrained wp-block-group-is-layout-constrained\">\n<section class=\"wp-block-cb-wide full-wide auto-padding\"><div class=\"content-box\">\n<div class=\"wp-block-group euro-page-cols4\"><div class=\"wp-block-group__inner-container is-layout-constrained wp-block-group-is-layout-constrained\">\n<div class=\"wp-block-columns is-layout-flex wp-container-core-columns-is-layout-9d6595d7 wp-block-columns-is-layout-flex\">\n<div class=\"wp-block-column is-layout-flow wp-block-column-is-layout-flow\" style=\"flex-basis:45%\">\n<div class=\"wp-block-columns shadow-col2-img2 is-layout-flex wp-container-core-columns-is-layout-9d6595d7 wp-block-columns-is-layout-flex\">\n<div class=\"wp-block-column is-layout-flow wp-block-column-is-layout-flow\" style=\"flex-basis:83%\"><div class=\"wp-block-image\">\n<figure class=\"alignright size-full\"><img loading=\"lazy\" decoding=\"async\" width=\"622\" height=\"459\" src=\"https:\/\/www.fortbau.hu\/nyilaszaro\/wp-content\/uploads\/2024\/04\/shutterstock_2183694131_reluxa-1-1-1.png\" alt=\"\" class=\"wp-image-887\"\/><\/figure>\n<\/div><\/div>\n<\/div>\n<\/div>\n\n\n\n<div class=\"wp-block-column shadow-col2-text2 is-layout-flow wp-block-column-is-layout-flow\" style=\"flex-basis:55%\">\n<h3 class=\"wp-block-heading line-h3\">Zsaluzia<\/h3>\n\n\n\n<p><strong>A zsaluzia nemcsak kimagasl\u00f3an hat\u00e9kony k\u00fclt\u00e9ri \u00e1rny\u00e9kol\u00f3, hanem megjelen\u00e9s\u00e9ben is rendk\u00edv\u00fcli. St\u00edlusos \u00e9s hat\u00e9kony kieg\u00e9sz\u00edt\u0151je r\u00e9gi \u00e9s \u00faj \u00e9p\u00edt\u00e9s\u0171 otthonoknak egyar\u00e1nt.<\/strong><\/p>\n\n\n\n<p class=\"strong-gray\"><strong><strong>A zsaluzia mozgathat\u00f3 lamell\u00e1i:<\/strong><\/strong><\/p>\n\n\n\n<ul class=\"wp-block-list\">\n<li>prec\u00edz f\u00e9nyszab\u00e1lyoz\u00e1sra k\u00e9pesek<\/li>\n\n\n\n<li>finom mozgat\u00e1sukkal a bees\u0151 f\u00e9ny er\u0151ss\u00e9ge apr\u00f3 l\u00e9p\u00e9sekben m\u00f3dos\u00edthat\u00f3<\/li>\n<\/ul>\n\n\n\n<p><strong>Forduljon hozz\u00e1nk bizalommal,<\/strong> v\u00e1lassza a min\u0151s\u00e9get!<\/p>\n<\/div>\n<\/div>\n<\/div><\/div>\n<\/div><\/section>\n<\/div><\/div>\n\n\n\n<div id=\"pergolak\" class=\"wp-block-group\"><div class=\"wp-block-group__inner-container is-layout-constrained wp-block-group-is-layout-constrained\">\n<section class=\"wp-block-cb-wide full-wide auto-padding\" style=\"background-color:rgba(139,111,78,0.15)\"><div class=\"content-box\">\n<div class=\"wp-block-group euro-page-cols4\"><div class=\"wp-block-group__inner-container is-layout-constrained wp-block-group-is-layout-constrained\">\n<div class=\"wp-block-columns is-layout-flex wp-container-core-columns-is-layout-9d6595d7 wp-block-columns-is-layout-flex\">\n<div class=\"wp-block-column is-layout-flow wp-block-column-is-layout-flow\" style=\"flex-basis:55%\">\n<h3 class=\"wp-block-heading line-h3\">Bioklimatikus pergol\u00e1k<\/h3>\n\n\n\n<p>A bioklimatikus pergol\u00e1k forradalmi megold\u00e1st k\u00edn\u00e1lnak otthonod k\u00fcls\u0151 tereinek optim\u00e1lis kihaszn\u00e1l\u00e1s\u00e1ra. <\/p>\n\n\n\n<p class=\"strong-gray\"><strong>Ezek az intelligens szerkezetek k\u00e9pesek alkalmazkodni:<\/strong><\/p>\n\n\n\n<ul class=\"wp-block-list\">\n<li>a k\u00f6rnyezeti v\u00e1ltoz\u00e1sokhoz, szab\u00e1lyozva a f\u00e9nyt, a h\u0151t \u00e9s az \u00e1rny\u00e9kot, \u00edgy biztos\u00edtva a k\u00e9nyelmet b\u00e1rmilyen id\u0151j\u00e1r\u00e1si viszonyok k\u00f6z\u00f6tt.<\/li>\n<\/ul>\n\n\n\n<p>Sz\u00e9les v\u00e1laszt\u00e9kban k\u00edn\u00e1lunk bioklimatikus pergol\u00e1kat, melyeket az \u00d6n ig\u00e9nyeire szabva tervez\u00fcnk meg.<\/p>\n\n\n\n<p><strong>Fedezd fel k\u00edn\u00e1latunkat, l\u00e9pjen kapcsolatba vel\u00fcnk!<\/strong><\/p>\n<\/div>\n\n\n\n<div class=\"wp-block-column is-vertically-aligned-stretch is-layout-flow wp-block-column-is-layout-flow\" style=\"flex-basis:45%\">\n<div class=\"wp-block-columns shadow-col2-img is-layout-flex wp-container-core-columns-is-layout-9d6595d7 wp-block-columns-is-layout-flex\">\n<div class=\"wp-block-column is-vertically-aligned-stretch is-layout-flow wp-block-column-is-layout-flow\" style=\"flex-basis:83%\">\n<figure class=\"wp-block-image alignfull size-full\"><img loading=\"lazy\" decoding=\"async\" width=\"622\" height=\"459\" src=\"https:\/\/www.fortbau.hu\/nyilaszaro\/wp-content\/uploads\/2024\/04\/shutterstock_2183694131_reluxa-1.png\" alt=\"\" class=\"wp-image-860\"\/><\/figure>\n<\/div>\n<\/div>\n<\/div>\n<\/div>\n<\/div><\/div>\n<\/div><\/section>\n<\/div><\/div>\n<\/div><\/div>\n\n\n\n<section class=\"wp-block-group footer-offer\"><div class=\"wp-block-group__inner-container is-layout-constrained wp-block-group-is-layout-constrained\">\n<section class=\"wp-block-cb-wide full-wide cover center-center auto-padding\" style=\"background-image:url(https:\/\/www.fortbau.hu\/nyilaszaro\/wp-content\/uploads\/2024\/04\/Group-127694.png)\"><div class=\"content-box\">\n<div class=\"wp-block-columns is-layout-flex wp-container-core-columns-is-layout-9d6595d7 wp-block-columns-is-layout-flex\">\n<div class=\"wp-block-column is-layout-flow wp-block-column-is-layout-flow\" style=\"flex-basis:45%\">\n<figure class=\"wp-block-image size-full\"><img loading=\"lazy\" decoding=\"async\" width=\"749\" height=\"411\" src=\"https:\/\/www.fortbau.hu\/nyilaszaro\/wp-content\/uploads\/2024\/04\/shutterstock_2305766699.png\" alt=\"\" class=\"wp-image-108\"\/><\/figure>\n<\/div>\n\n\n\n<div class=\"wp-block-column footer-offer-col2 is-layout-flow wp-block-column-is-layout-flow\" style=\"flex-basis:45%\">\n<h2 class=\"wp-block-heading has-white-color has-text-color has-link-color wp-elements-37c4fca712a202875ae93079c4dff791\">K\u00e9rjen aj\u00e1nlatot most!<\/h2>\n\n\n\n<div class=\"wp-block-buttons button-offer is-layout-flex wp-block-buttons-is-layout-flex\">\n<div class=\"wp-block-button\"><a class=\"wp-block-button__link wp-element-button\" href=\"https:\/\/www.fortbau.hu\/nyilaszaro\/kapcsolat\/\">Aj\u00e1nlatot k\u00e9rek<\/a><\/div>\n<\/div>\n<\/div>\n\n\n\n<div class=\"wp-block-column is-vertically-aligned-center is-layout-flow wp-block-column-is-layout-flow\" style=\"flex-basis:10%\"><div class=\"wp-block-image\">\n<figure class=\"aligncenter size-large\" id=\"gotop\"><img loading=\"lazy\" decoding=\"async\" width=\"108\" height=\"108\" src=\"https:\/\/www.fortbau.hu\/nyilaszaro\/wp-content\/uploads\/2024\/04\/gotop.svg\" alt=\"\" class=\"wp-image-160\"\/><\/figure>\n<\/div><\/div>\n<\/div>\n<\/div><\/section>\n<\/div><\/section>\n","protected":false},"excerpt":{"rendered":"<p>\u00c1rny\u00e9kol\u00e1stechnika VEGYE A KEZ\u00c9BE AZ IR\u00c1NY\u00cdT\u00c1ST! Kiv\u00e1l\u00f3 min\u0151s\u00e9g\u0171 \u00e1rny\u00e9kol\u00e1stechnikai megold\u00e1sokat k\u00edn\u00e1lunk, ahogy a ny\u00edl\u00e1sz\u00e1r\u00f3k ter\u00e9n sem, \u00fagy az &#8230;<\/p>\n","protected":false},"author":1,"featured_media":0,"parent":0,"menu_order":0,"comment_status":"closed","ping_status":"closed","template":"","meta":{"inline_featured_image":false,"footnotes":""},"class_list":["post-22","page","type-page","status-publish","hentry"],"_links":{"self":[{"href":"https:\/\/www.fortbau.hu\/nyilaszaro\/wp-json\/wp\/v2\/pages\/22","targetHints":{"allow":["GET"]}}],"collection":[{"href":"https:\/\/www.fortbau.hu\/nyilaszaro\/wp-json\/wp\/v2\/pages"}],"about":[{"href":"https:\/\/www.fortbau.hu\/nyilaszaro\/wp-json\/wp\/v2\/types\/page"}],"author":[{"embeddable":true,"href":"https:\/\/www.fortbau.hu\/nyilaszaro\/wp-json\/wp\/v2\/users\/1"}],"replies":[{"embeddable":true,"href":"https:\/\/www.fortbau.hu\/nyilaszaro\/wp-json\/wp\/v2\/comments?post=22"}],"version-history":[{"count":105,"href":"https:\/\/www.fortbau.hu\/nyilaszaro\/wp-json\/wp\/v2\/pages\/22\/revisions"}],"predecessor-version":[{"id":931,"href":"https:\/\/www.fortbau.hu\/nyilaszaro\/wp-json\/wp\/v2\/pages\/22\/revisions\/931"}],"wp:attachment":[{"href":"https:\/\/www.fortbau.hu\/nyilaszaro\/wp-json\/wp\/v2\/media?parent=22"}],"curies":[{"name":"wp","href":"https:\/\/api.w.org\/{rel}","templated":true}]}}