{"id":18,"date":"2024-04-04T04:36:45","date_gmt":"2024-04-04T02:36:45","guid":{"rendered":"https:\/\/www.fortbau.hu\/nyilaszaro\/?page_id=18"},"modified":"2024-06-18T13:39:52","modified_gmt":"2024-06-18T11:39:52","slug":"muanyag-nyilaszarok","status":"publish","type":"page","link":"https:\/\/www.fortbau.hu\/nyilaszaro\/muanyag-nyilaszarok\/","title":{"rendered":"M\u0171anyag ny\u00edl\u00e1sz\u00e1r\u00f3k"},"content":{"rendered":"\n<div class=\"wp-block-group plastic-page\"><div class=\"wp-block-group__inner-container is-layout-constrained wp-block-group-is-layout-constrained\">\n<div class=\"wp-block-group plastic-page-col1\"><div class=\"wp-block-group__inner-container is-layout-constrained wp-block-group-is-layout-constrained\">\n<div class=\"wp-block-columns is-layout-flex wp-container-core-columns-is-layout-9d6595d7 wp-block-columns-is-layout-flex\">\n<div class=\"wp-block-column is-layout-flow wp-block-column-is-layout-flow\" style=\"flex-basis:25%\">\n<h1 class=\"wp-block-heading\"><em>M\u0171anyag ny\u00edl\u00e1sz\u00e1r\u00f3k<\/em><\/h1>\n<\/div>\n\n\n\n<div class=\"wp-block-column is-layout-flow wp-block-column-is-layout-flow\" style=\"flex-basis:75%\">\n<div class=\"wp-block-columns is-layout-flex wp-container-core-columns-is-layout-9d6595d7 wp-block-columns-is-layout-flex\">\n<div class=\"wp-block-column is-layout-flow wp-block-column-is-layout-flow\">\n<p class=\"has-large-font-size\"><em><strong>Egyedi megold\u00e1sok az \u00d6N IG\u00c9NYEIRE SZABVA!<\/strong><\/em><\/p>\n<\/div>\n\n\n\n<div class=\"wp-block-column slanted-line is-layout-flow wp-block-column-is-layout-flow\">\n<p class=\"has-large-font-size\"><em>Legyen st\u00edlusos az Otthona!<\/em><\/p>\n<\/div>\n<\/div>\n\n\n\n<p>A REHAU ny\u00edl\u00e1sz\u00e1r\u00f3k lehet\u0151v\u00e9 teszik, hogy \u00edzl\u00e9ses fel\u00fcletkialak\u00edt\u00e1sokkal, <strong>egyedi form\u00e1kkal, sz\u00ednekkel,<\/strong> kieg\u00e9sz\u00edt\u0151 funkci\u00f3kkal \u00e9s m\u00e1s k\u00fcl\u00f6nlegess\u00e9gekkel val\u00f3s\u00edthassa meg elk\u00e9pzel\u00e9seit. <br>A REHAU ablakokkal minden elk\u00e9pzel\u00e9se val\u00f3s\u00e1gg\u00e1 v\u00e1lhat.<\/p>\n<\/div>\n<\/div>\n<\/div><\/div>\n\n\n\n<div class=\"wp-block-group plastic-page-block2\"><div class=\"wp-block-group__inner-container is-layout-constrained wp-block-group-is-layout-constrained\">\n<section class=\"wp-block-cb-wide full-wide\"><div class=\"content-box\">\n<div style=\"height:2rem\" aria-hidden=\"true\" class=\"wp-block-spacer\"><\/div>\n\n\n\n<div class=\"wp-block-columns is-layout-flex wp-container-core-columns-is-layout-9d6595d7 wp-block-columns-is-layout-flex\">\n<div class=\"wp-block-column prof-cols is-layout-flow wp-block-column-is-layout-flow\" style=\"flex-basis:66.66%\">\n<div class=\"wp-block-columns prof-col is-layout-flex wp-container-core-columns-is-layout-9d6595d7 wp-block-columns-is-layout-flex\">\n<div class=\"wp-block-column is-layout-flow wp-block-column-is-layout-flow\" style=\"flex-basis:35%\">\n<h3 class=\"wp-block-heading\">Profilrendszerek<\/h3>\n<\/div>\n\n\n\n<div class=\"wp-block-column prof-col3 is-layout-flow wp-block-column-is-layout-flow\" style=\"flex-basis:20%\">\n<figure class=\"wp-block-image size-large\"><img loading=\"lazy\" decoding=\"async\" width=\"112\" height=\"30\" src=\"https:\/\/www.fortbau.hu\/nyilaszaro\/wp-content\/uploads\/2024\/04\/Group-127776.svg\" alt=\"\" class=\"wp-image-168\"\/><\/figure>\n<\/div>\n\n\n\n<div class=\"wp-block-column is-layout-flow wp-block-column-is-layout-flow\" style=\"flex-basis:45%\">\n<p>Ablakok \u00e9s ajt\u00f3k b\u00e1rmely otthonba <strong>BRILLANT-, EURO-DESIGN \u00c9S SYNEGO<\/strong> PROFILRENDSZEREKB\u0150L<\/p>\n<\/div>\n<\/div>\n<\/div>\n\n\n\n<div class=\"wp-block-column prof-col-img is-layout-flow wp-block-column-is-layout-flow\" style=\"flex-basis:33.33%\">\n<figure class=\"wp-block-image size-full\"><img loading=\"lazy\" decoding=\"async\" width=\"610\" height=\"460\" src=\"https:\/\/www.fortbau.hu\/nyilaszaro\/wp-content\/uploads\/2024\/04\/Group-127919.png\" alt=\"\" class=\"wp-image-211\"\/><\/figure>\n<\/div>\n<\/div>\n<\/div><\/section>\n<\/div><\/div>\n\n\n\n<div class=\"wp-block-group plastic-page-block3\"><div class=\"wp-block-group__inner-container is-layout-constrained wp-block-group-is-layout-constrained\">\n<div class=\"wp-block-columns is-layout-flex wp-container-core-columns-is-layout-9d6595d7 wp-block-columns-is-layout-flex\">\n<div class=\"wp-block-column is-layout-flow wp-block-column-is-layout-flow\" style=\"flex-basis:30%\">\n<figure class=\"wp-block-image size-full\"><img loading=\"lazy\" decoding=\"async\" width=\"338\" height=\"426\" src=\"https:\/\/www.fortbau.hu\/nyilaszaro\/wp-content\/uploads\/2024\/04\/980-D839_CLv_me.png\" alt=\"\" class=\"wp-image-216\"\/><\/figure>\n<\/div>\n\n\n\n<div class=\"wp-block-column is-layout-flow wp-block-column-is-layout-flow\" style=\"flex-basis:60%\">\n<div class=\"wp-block-group plastic-line\"><div class=\"wp-block-group__inner-container is-layout-constrained wp-block-group-is-layout-constrained\">\n<div class=\"wp-block-group is-nowrap is-layout-flex wp-container-core-group-is-layout-ad2f72ca wp-block-group-is-layout-flex\">\n<p class=\"plastic-number\"><em>01<\/em>.<\/p>\n\n\n\n<h3 class=\"wp-block-heading\">BRILLANT- \u00e9s EURO-DESIGN:<\/h3>\n<\/div>\n\n\n\n<p>F\u00e9nyt, meleget, biztons\u00e1got \u00e9s m\u00e9g sz\u00e1mos el\u0151nyt k\u00edn\u00e1l\u00f3 rendszer. Fenntarthat\u00f3 min\u0151s\u00e9g minden k\u00f6vetelm\u00e9nyhez. <strong>A k\u00fcl\u00f6n\u00f6sen keskeny kivitel\u0171 ablakprofiloknak k\u00f6sz\u00f6nhet\u0151en m\u00e9g t\u00f6bb vil\u00e1goss\u00e1g \u00e9s napf\u00e9ny \u00e9ri el a lak\u00f3teret.<\/strong><\/p>\n\n\n\n<div style=\"height:20px\" aria-hidden=\"true\" class=\"wp-block-spacer\"><\/div>\n<\/div><\/div>\n\n\n\n<div style=\"height:40px\" aria-hidden=\"true\" class=\"wp-block-spacer\"><\/div>\n\n\n\n<div class=\"wp-block-buttons button-2 is-layout-flex wp-block-buttons-is-layout-flex\">\n<div class=\"wp-block-button\"><a class=\"wp-block-button__link wp-element-button\" href=\"\/nyilaszaro\/brillant-es-euro-design\/\">Tudj meg t\u00f6bbet<\/a><\/div>\n<\/div>\n<\/div>\n<\/div>\n<\/div><\/div>\n\n\n\n<div class=\"wp-block-group plastic-page-block4\"><div class=\"wp-block-group__inner-container is-layout-constrained wp-block-group-is-layout-constrained\">\n<div class=\"wp-block-columns is-layout-flex wp-container-core-columns-is-layout-9d6595d7 wp-block-columns-is-layout-flex\">\n<div class=\"wp-block-column plastic-page-block4-col2 is-layout-flow wp-block-column-is-layout-flow\" style=\"flex-basis:60%\">\n<div class=\"wp-block-group plastic-line2\"><div class=\"wp-block-group__inner-container is-layout-constrained wp-block-group-is-layout-constrained\">\n<div class=\"wp-block-group is-nowrap is-layout-flex wp-container-core-group-is-layout-ad2f72ca wp-block-group-is-layout-flex\">\n<p class=\"plastic-number\"><em>02<\/em>.<\/p>\n\n\n\n<h3 class=\"wp-block-heading\">SYNEGO:<\/h3>\n<\/div>\n\n\n\n<p>A SYNEGO ablakrendszer egyszerre gondoskodik a kellemes melegr\u0151l, \u00e9s az ak\u00e1r 45%-kal jobb h\u0151szigetel\u00e9snek k\u00f6sz\u00f6nhet\u0151en akt\u00edvan hozz\u00e1j\u00e1rul a k\u00f6rnyezet v\u00e9delm\u00e9hez. <\/p>\n\n\n\n<p>A SYNEGO be\u00e9p\u00edt\u00e9si m\u00e9lys\u00e9g\u00e9nek k\u00f6sz\u00f6nhet\u0151en speci\u00e1lis funkci\u00f3s \u00fcvegek alkalmazhat\u00f3k, melyek biztos\u00edtj\u00e1k a magasabb fok\u00fa zajv\u00e9delmet, a nyugalmas \u00e9s a csendes otthon \u00e9rdek\u00e9ben.<\/p>\n\n\n\n<div style=\"height:20px\" aria-hidden=\"true\" class=\"wp-block-spacer\"><\/div>\n<\/div><\/div>\n\n\n\n<div style=\"height:40px\" aria-hidden=\"true\" class=\"wp-block-spacer\"><\/div>\n\n\n\n<div class=\"wp-block-buttons button-2 is-content-justification-right is-layout-flex wp-container-core-buttons-is-layout-765c4724 wp-block-buttons-is-layout-flex\">\n<div class=\"wp-block-button\"><a class=\"wp-block-button__link wp-element-button\" href=\"\/nyilaszaro\/synego\/\">Tudj meg t\u00f6bbet<\/a><\/div>\n<\/div>\n<\/div>\n\n\n\n<div class=\"wp-block-column is-layout-flow wp-block-column-is-layout-flow\" style=\"flex-basis:30%\"><div class=\"wp-block-image\">\n<figure class=\"alignright size-full\"><img loading=\"lazy\" decoding=\"async\" width=\"338\" height=\"426\" src=\"https:\/\/www.fortbau.hu\/nyilaszaro\/wp-content\/uploads\/2024\/04\/980-D839_CLv_me.png\" alt=\"\" class=\"wp-image-216\"\/><\/figure>\n<\/div><\/div>\n<\/div>\n<\/div><\/div>\n<\/div><\/div>\n\n\n\n<section class=\"wp-block-group footer-offer\"><div class=\"wp-block-group__inner-container is-layout-constrained wp-block-group-is-layout-constrained\">\n<section class=\"wp-block-cb-wide full-wide cover center-center auto-padding\" style=\"background-image:url(https:\/\/www.fortbau.hu\/nyilaszaro\/wp-content\/uploads\/2024\/04\/Group-127694.png)\"><div class=\"content-box\">\n<div class=\"wp-block-columns is-layout-flex wp-container-core-columns-is-layout-9d6595d7 wp-block-columns-is-layout-flex\">\n<div class=\"wp-block-column is-layout-flow wp-block-column-is-layout-flow\" style=\"flex-basis:45%\">\n<figure class=\"wp-block-image size-full\"><img loading=\"lazy\" decoding=\"async\" width=\"749\" height=\"411\" src=\"https:\/\/www.fortbau.hu\/nyilaszaro\/wp-content\/uploads\/2024\/04\/shutterstock_2305766699.png\" alt=\"\" class=\"wp-image-108\"\/><\/figure>\n<\/div>\n\n\n\n<div class=\"wp-block-column footer-offer-col2 is-layout-flow wp-block-column-is-layout-flow\" style=\"flex-basis:45%\">\n<h2 class=\"wp-block-heading has-white-color has-text-color has-link-color wp-elements-37c4fca712a202875ae93079c4dff791\">K\u00e9rjen aj\u00e1nlatot most!<\/h2>\n\n\n\n<div class=\"wp-block-buttons button-offer is-layout-flex wp-block-buttons-is-layout-flex\">\n<div class=\"wp-block-button\"><a class=\"wp-block-button__link wp-element-button\" href=\"https:\/\/r3.minicrm.hu\/api\/loader.js?71735-0aamx0xife0s3bz4jy5q2dwkxa0i8u\">Aj\u00e1nlatot k\u00e9rek<\/a><\/div>\n<\/div>\n<\/div>\n\n\n\n<div class=\"wp-block-column is-vertically-aligned-center is-layout-flow wp-block-column-is-layout-flow\" style=\"flex-basis:10%\"><div class=\"wp-block-image\">\n<figure class=\"aligncenter size-large\" id=\"gotop\"><img loading=\"lazy\" decoding=\"async\" width=\"108\" height=\"108\" src=\"https:\/\/www.fortbau.hu\/nyilaszaro\/wp-content\/uploads\/2024\/04\/gotop.svg\" alt=\"\" class=\"wp-image-160\"\/><\/figure>\n<\/div><\/div>\n<\/div>\n<\/div><\/section>\n<\/div><\/section>\n","protected":false},"excerpt":{"rendered":"<p>M\u0171anyag ny\u00edl\u00e1sz\u00e1r\u00f3k Egyedi megold\u00e1sok az \u00d6N IG\u00c9NYEIRE SZABVA! Legyen st\u00edlusos az Otthona! A REHAU ny\u00edl\u00e1sz\u00e1r\u00f3k lehet\u0151v\u00e9 teszik, hogy &#8230;<\/p>\n","protected":false},"author":1,"featured_media":0,"parent":0,"menu_order":0,"comment_status":"closed","ping_status":"closed","template":"","meta":{"inline_featured_image":false,"footnotes":""},"class_list":["post-18","page","type-page","status-publish","hentry"],"_links":{"self":[{"href":"https:\/\/www.fortbau.hu\/nyilaszaro\/wp-json\/wp\/v2\/pages\/18","targetHints":{"allow":["GET"]}}],"collection":[{"href":"https:\/\/www.fortbau.hu\/nyilaszaro\/wp-json\/wp\/v2\/pages"}],"about":[{"href":"https:\/\/www.fortbau.hu\/nyilaszaro\/wp-json\/wp\/v2\/types\/page"}],"author":[{"embeddable":true,"href":"https:\/\/www.fortbau.hu\/nyilaszaro\/wp-json\/wp\/v2\/users\/1"}],"replies":[{"embeddable":true,"href":"https:\/\/www.fortbau.hu\/nyilaszaro\/wp-json\/wp\/v2\/comments?post=18"}],"version-history":[{"count":75,"href":"https:\/\/www.fortbau.hu\/nyilaszaro\/wp-json\/wp\/v2\/pages\/18\/revisions"}],"predecessor-version":[{"id":946,"href":"https:\/\/www.fortbau.hu\/nyilaszaro\/wp-json\/wp\/v2\/pages\/18\/revisions\/946"}],"wp:attachment":[{"href":"https:\/\/www.fortbau.hu\/nyilaszaro\/wp-json\/wp\/v2\/media?parent=18"}],"curies":[{"name":"wp","href":"https:\/\/api.w.org\/{rel}","templated":true}]}}