{"id":16,"date":"2024-04-04T04:36:24","date_gmt":"2024-04-04T02:36:24","guid":{"rendered":"https:\/\/www.fortbau.hu\/nyilaszaro\/?page_id=16"},"modified":"2024-04-27T19:25:56","modified_gmt":"2024-04-27T17:25:56","slug":"rolunk","status":"publish","type":"page","link":"https:\/\/www.fortbau.hu\/nyilaszaro\/rolunk\/","title":{"rendered":"R\u00f3lunk"},"content":{"rendered":"\n<div class=\"wp-block-group me-page\"><div class=\"wp-block-group__inner-container is-layout-constrained wp-block-group-is-layout-constrained\">\n<section class=\"wp-block-group me-block1\"><div class=\"wp-block-group__inner-container is-layout-constrained wp-block-group-is-layout-constrained\">\n<div class=\"wp-block-columns is-layout-flex wp-container-core-columns-is-layout-9d6595d7 wp-block-columns-is-layout-flex\">\n<div class=\"wp-block-column me-block1-img is-layout-flow wp-block-column-is-layout-flow\" style=\"flex-basis:33.33%\">\n<figure class=\"wp-block-image size-full\"><img loading=\"lazy\" decoding=\"async\" width=\"546\" height=\"610\" src=\"https:\/\/www.fortbau.hu\/nyilaszaro\/wp-content\/uploads\/2024\/04\/shutterstock_22192043_me.png\" alt=\"\" class=\"wp-image-167\"\/><\/figure>\n<\/div>\n\n\n\n<div class=\"wp-block-column is-layout-flow wp-block-column-is-layout-flow\" style=\"flex-basis:66.66%\">\n<h1 class=\"wp-block-heading\">R\u00f3lunk<\/h1>\n\n\n\n<p><strong>T\u00f6bb mint k\u00e9t \u00e9vtizede<\/strong>, 2002 \u00f3ta foglalkozunk m\u0171anyag ny\u00edl\u00e1sz\u00e1r\u00f3k gy\u00e1rt\u00e1s\u00e1val. Kiemelked\u0151 min\u0151s\u00e9g\u0171 term\u00e9keink, szolg\u00e1ltat\u00e1saink hozz\u00e1j\u00e1rulnak \u00fcgyfeleink otthon\u00e1nak k\u00e9nyelm\u00e9hez, biztons\u00e1g\u00e1hoz.<\/p>\n\n\n\n<p><strong>Gy\u00e1rt\u00f3 \u00fczem\u00fcnkben<\/strong> kiz\u00e1r\u00f3lag pr\u00e9mium min\u0151s\u00e9g\u0171 alapanyagokat haszn\u00e1lunk. Saj\u00e1t CNC vez\u00e9rl\u00e9s\u0171 automata gy\u00e1rt\u00f3g\u00e9psoron k\u00e9sz\u00edtj\u00fck el <strong>egyedi m\u00e9retekben, form\u00e1kban, sz\u00ednekben a megrendelt m\u0171anyag ny\u00edl\u00e1sz\u00e1r\u00f3kat.<\/strong> Red\u0151nygy\u00e1rt\u00f3 r\u00e9szleg\u00fcnk\u00f6n r\u00f6vid hat\u00e1rid\u0151vel v\u00e1llaljuk m\u0171anyag \u00e9s alum\u00ednium red\u0151ny\u00f6k gy\u00e1rt\u00e1s\u00e1t.<\/p>\n\n\n\n<div class=\"wp-block-group is-nowrap is-layout-flex wp-container-core-group-is-layout-ad2f72ca wp-block-group-is-layout-flex\">\n<figure class=\"wp-block-image size-large\"><img loading=\"lazy\" decoding=\"async\" width=\"112\" height=\"30\" src=\"https:\/\/www.fortbau.hu\/nyilaszaro\/wp-content\/uploads\/2024\/04\/Group-127776.svg\" alt=\"\" class=\"wp-image-168\"\/><\/figure>\n\n\n\n<p>C\u00e9lunk nemcsak egyszer\u0171 ajt\u00f3kat \u00e9s ablakokat k\u00e9sz\u00edteni, hanem olyan k\u00f6rnyezetet teremteni, amely kifejezi az eleganci\u00e1t, funkcionalit\u00e1st \u00e9s az otthon \u00e9rz\u00e9s\u00e9t.<\/p>\n<\/div>\n\n\n\n<p class=\"season\">T\u00e9rjen be hozz\u00e1nk \u00e9s fedezze fel, hogyan tehetj\u00fck otthon\u00e1t szebb\u00e9, biztons\u00e1gosabb\u00e1, k\u00e9nyelmesebb\u00e9 az \u00e1ltalunk k\u00e9sz\u00edtett egyedi gy\u00e1rt\u00e1s\u00fa term\u00e9kekkel.<\/p>\n<\/div>\n<\/div>\n<\/div><\/section>\n\n\n\n<hr class=\"wp-block-separator has-alpha-channel-opacity\"\/>\n\n\n\n<div class=\"wp-block-group me-block2\"><div class=\"wp-block-group__inner-container is-layout-constrained wp-block-group-is-layout-constrained\">\n<section class=\"wp-block-cb-wide full-wide\"><div class=\"content-box\">\n<div class=\"wp-block-columns me-page-cols2 is-layout-flex wp-container-core-columns-is-layout-9d6595d7 wp-block-columns-is-layout-flex\">\n<div class=\"wp-block-column me-page-col3 is-layout-flow wp-block-column-is-layout-flow\" style=\"flex-basis:20%\">\n<h2 class=\"wp-block-heading\">Mi\u00e9rt minket v\u00e1lasszon?<\/h2>\n\n\n\n<figure class=\"wp-block-image size-full\"><img loading=\"lazy\" decoding=\"async\" width=\"375\" height=\"422\" src=\"https:\/\/www.fortbau.hu\/nyilaszaro\/wp-content\/uploads\/2024\/04\/716-D014.png\" alt=\"\" class=\"wp-image-188\"\/><\/figure>\n<\/div>\n\n\n\n<div class=\"wp-block-column is-layout-flow wp-block-column-is-layout-flow\" style=\"flex-basis:40%\">\n<div class=\"wp-block-group\"><div class=\"wp-block-group__inner-container is-layout-constrained wp-block-group-is-layout-constrained\">\n<div class=\"wp-block-group is-nowrap is-layout-flex wp-container-core-group-is-layout-ad2f72ca wp-block-group-is-layout-flex\">\n<figure class=\"wp-block-image size-large\"><img loading=\"lazy\" decoding=\"async\" width=\"51\" height=\"51\" src=\"https:\/\/www.fortbau.hu\/nyilaszaro\/wp-content\/uploads\/2024\/04\/Group-127864.svg\" alt=\"\" class=\"wp-image-177\"\/><\/figure>\n\n\n\n<h3 class=\"wp-block-heading\">MIN\u0150S\u00c9G \u00c9S SZAK\u00c9RTELEM<\/h3>\n<\/div>\n\n\n\n<p>Csapatunk t\u00f6bb \u00e9vtizedes tapasztalattal b\u00fcszk\u00e9lkedhet a m\u0171anyag ny\u00edl\u00e1sz\u00e1r\u00f3k ter\u00fclet\u00e9n. A kiv\u00e1l\u00f3 min\u0151s\u00e9g\u0171 alapanyagok \u00e9s a modern technol\u00f3gia alkalmaz\u00e1s\u00e1val olyan term\u00e9keket gy\u00e1rtunk, amelyek megfelelnek az elv\u00e1r\u00e1soknak \u00e9s hossz\u00fa \u00e9lettartamot biztos\u00edtanak.<\/p>\n<\/div><\/div>\n\n\n\n<div class=\"wp-block-group\"><div class=\"wp-block-group__inner-container is-layout-constrained wp-block-group-is-layout-constrained\">\n<div class=\"wp-block-group is-nowrap is-layout-flex wp-container-core-group-is-layout-ad2f72ca wp-block-group-is-layout-flex\">\n<figure class=\"wp-block-image size-large\"><img loading=\"lazy\" decoding=\"async\" width=\"51\" height=\"51\" src=\"https:\/\/www.fortbau.hu\/nyilaszaro\/wp-content\/uploads\/2024\/04\/Group-127864.svg\" alt=\"\" class=\"wp-image-177\"\/><\/figure>\n\n\n\n<h3 class=\"wp-block-heading\">EGYEDIS\u00c9G \u00c9S RUGALMASS\u00c1G<\/h3>\n<\/div>\n\n\n\n<p>A saj\u00e1t CNC vez\u00e9rl\u00e9s\u0171 automata gy\u00e1rt\u00f3 g\u00e9psorunk lehet\u0151v\u00e9 teszi, hogy egyedi m\u00e9ret\u0171 \u00e9s form\u00e1j\u00fa m\u0171anyag ny\u00edl\u00e1sz\u00e1r\u00f3kat \u00e1ll\u00edtsunk el\u0151. Legyen sz\u00f3 t\u00e9glalap alak\u00fa, h\u00e1romsz\u00f6g, trap\u00e9z, \u00edves vagy k\u00f6r alak\u00fa ablakr\u00f3l &#8211; mi rugalmasan alkalmazkodunk az \u00d6n ig\u00e9nyeihez.<\/p>\n<\/div><\/div>\n\n\n\n<div class=\"wp-block-group\"><div class=\"wp-block-group__inner-container is-layout-constrained wp-block-group-is-layout-constrained\">\n<div class=\"wp-block-group is-nowrap is-layout-flex wp-container-core-group-is-layout-ad2f72ca wp-block-group-is-layout-flex\">\n<figure class=\"wp-block-image size-large\"><img loading=\"lazy\" decoding=\"async\" width=\"51\" height=\"51\" src=\"https:\/\/www.fortbau.hu\/nyilaszaro\/wp-content\/uploads\/2024\/04\/Group-127864.svg\" alt=\"\" class=\"wp-image-177\"\/><\/figure>\n\n\n\n<h3 class=\"wp-block-heading\">MIN\u0150S\u00c9GI ALAPANYAGOK \u00c9S GARANCIA<\/h3>\n<\/div>\n\n\n\n<p>A m\u0171anyag ny\u00edl\u00e1sz\u00e1r\u00f3k elk\u00e9sz\u00edt\u00e9se sor\u00e1n a legkorszer\u0171bb gy\u00e1rt\u00e1si folyamatokat alkalmazzuk \u00e9s kiv\u00e1l\u00f3 min\u0151s\u00e9g\u0171 REHAU profilrendszert haszn\u00e1lunk, ROTO NX vasalatrendszerrel, amely garanci\u00e1t jelent a tart\u00f3ss\u00e1gra \u00e9s a megb\u00edzhat\u00f3s\u00e1gra. Az \u00e1ltalunk gy\u00e1rtott term\u00e9kekre 5 \u00e9v garanci\u00e1t v\u00e1llalunk.<\/p>\n<\/div><\/div>\n<\/div>\n\n\n\n<div class=\"wp-block-column is-layout-flow wp-block-column-is-layout-flow\" style=\"flex-basis:40%\">\n<figure class=\"wp-block-image size-full\"><img loading=\"lazy\" decoding=\"async\" width=\"582\" height=\"438\" src=\"https:\/\/www.fortbau.hu\/nyilaszaro\/wp-content\/uploads\/2024\/04\/980-D839_CL_me.png\" alt=\"\" class=\"wp-image-179\"\/><\/figure>\n\n\n\n<div style=\"height:2rem\" aria-hidden=\"true\" class=\"wp-block-spacer\"><\/div>\n\n\n\n<div class=\"wp-block-group\"><div class=\"wp-block-group__inner-container is-layout-constrained wp-block-group-is-layout-constrained\">\n<div class=\"wp-block-group is-nowrap is-layout-flex wp-container-core-group-is-layout-ad2f72ca wp-block-group-is-layout-flex\">\n<figure class=\"wp-block-image size-large\"><img loading=\"lazy\" decoding=\"async\" width=\"51\" height=\"51\" src=\"https:\/\/www.fortbau.hu\/nyilaszaro\/wp-content\/uploads\/2024\/04\/Group-127864.svg\" alt=\"\" class=\"wp-image-177\"\/><\/figure>\n\n\n\n<h3 class=\"wp-block-heading\">HOGYAN SEG\u00cdT\u00dcNK \u00d6NNEK?<\/h3>\n<\/div>\n\n\n\n<p>\u00d6r\u00f6mmel \u00e1llunk rendelkez\u00e9s\u00e9re, hogy seg\u00edts\u00fcnk kiv\u00e1lasztani \u00e9s megtervezni az \u00d6n ig\u00e9nyeinek megfelel\u0151 m\u0171anyag ny\u00edl\u00e1sz\u00e1r\u00f3kat. Ingyenes helysz\u00edni felm\u00e9r\u00e9s\u00fcnk \u00e9s tan\u00e1csad\u00e1sunk sor\u00e1n k\u00f6telezetts\u00e9gek n\u00e9lk\u00fcl ismerheti meg lehet\u0151s\u00e9geit. V\u00e1lassza c\u00e9g\u00fcnket \u00e9s tegye otthon\u00e1t modernebb\u00e9, k\u00e9nyelmesebb\u00e9 \u00e9s energiahat\u00e9konyabb\u00e1 az \u00e1ltalunk gy\u00e1rtott ny\u00edl\u00e1sz\u00e1r\u00f3kkal!<\/p>\n<\/div><\/div>\n<\/div>\n<\/div>\n<\/div><\/section>\n<\/div><\/div>\n<\/div><\/div>\n\n\n\n<div class=\"wp-block-group placeholder\"><div class=\"wp-block-group__inner-container is-layout-constrained wp-block-group-is-layout-constrained\">\n<section class=\"wp-block-cb-wide full-wide cover center-center auto-padding\" style=\"background-image:url(https:\/\/www.fortbau.hu\/nyilaszaro\/wp-content\/uploads\/2024\/04\/bg.png)\"><div class=\"content-box\">\n<p><\/p>\n<\/div><\/section>\n<\/div><\/div>\n\n\n\n<section class=\"wp-block-group footer-offer\"><div class=\"wp-block-group__inner-container is-layout-constrained wp-block-group-is-layout-constrained\">\n<section class=\"wp-block-cb-wide full-wide cover center-center auto-padding\"><div class=\"content-box\">\n<div class=\"wp-block-columns is-layout-flex wp-container-core-columns-is-layout-9d6595d7 wp-block-columns-is-layout-flex\">\n<div class=\"wp-block-column is-layout-flow wp-block-column-is-layout-flow\" style=\"flex-basis:45%\">\n<figure class=\"wp-block-image size-full\"><img loading=\"lazy\" decoding=\"async\" width=\"749\" height=\"411\" src=\"https:\/\/www.fortbau.hu\/nyilaszaro\/wp-content\/uploads\/2024\/04\/shutterstock_2305766699.png\" alt=\"\" class=\"wp-image-108\"\/><\/figure>\n<\/div>\n\n\n\n<div class=\"wp-block-column footer-offer-col2 is-layout-flow wp-block-column-is-layout-flow\" style=\"flex-basis:45%\">\n<h2 class=\"wp-block-heading\">K\u00e9rjen aj\u00e1nlatot most!<\/h2>\n\n\n\n<div class=\"wp-block-buttons button-offer is-layout-flex wp-block-buttons-is-layout-flex\">\n<div class=\"wp-block-button\"><a class=\"wp-block-button__link wp-element-button\" href=\"https:\/\/www.fortbau.hu\/nyilaszaro\/kapcsolat\/\">Aj\u00e1nlatot k\u00e9rek<\/a><\/div>\n<\/div>\n<\/div>\n\n\n\n<div class=\"wp-block-column is-vertically-aligned-center is-layout-flow wp-block-column-is-layout-flow\" style=\"flex-basis:10%\"><div class=\"wp-block-image\">\n<figure class=\"aligncenter size-large\" id=\"gotop\"><img loading=\"lazy\" decoding=\"async\" width=\"108\" height=\"108\" src=\"https:\/\/www.fortbau.hu\/nyilaszaro\/wp-content\/uploads\/2024\/04\/gotop.svg\" alt=\"\" class=\"wp-image-160\"\/><\/figure>\n<\/div><\/div>\n<\/div>\n<\/div><\/section>\n<\/div><\/section>\n","protected":false},"excerpt":{"rendered":"<p>R\u00f3lunk T\u00f6bb mint k\u00e9t \u00e9vtizede, 2002 \u00f3ta foglalkozunk m\u0171anyag ny\u00edl\u00e1sz\u00e1r\u00f3k gy\u00e1rt\u00e1s\u00e1val. Kiemelked\u0151 min\u0151s\u00e9g\u0171 term\u00e9keink, szolg\u00e1ltat\u00e1saink hozz\u00e1j\u00e1rulnak \u00fcgyfeleink otthon\u00e1nak &#8230;<\/p>\n","protected":false},"author":1,"featured_media":0,"parent":0,"menu_order":0,"comment_status":"closed","ping_status":"closed","template":"","meta":{"inline_featured_image":false,"footnotes":""},"class_list":["post-16","page","type-page","status-publish","hentry"],"_links":{"self":[{"href":"https:\/\/www.fortbau.hu\/nyilaszaro\/wp-json\/wp\/v2\/pages\/16","targetHints":{"allow":["GET"]}}],"collection":[{"href":"https:\/\/www.fortbau.hu\/nyilaszaro\/wp-json\/wp\/v2\/pages"}],"about":[{"href":"https:\/\/www.fortbau.hu\/nyilaszaro\/wp-json\/wp\/v2\/types\/page"}],"author":[{"embeddable":true,"href":"https:\/\/www.fortbau.hu\/nyilaszaro\/wp-json\/wp\/v2\/users\/1"}],"replies":[{"embeddable":true,"href":"https:\/\/www.fortbau.hu\/nyilaszaro\/wp-json\/wp\/v2\/comments?post=16"}],"version-history":[{"count":31,"href":"https:\/\/www.fortbau.hu\/nyilaszaro\/wp-json\/wp\/v2\/pages\/16\/revisions"}],"predecessor-version":[{"id":929,"href":"https:\/\/www.fortbau.hu\/nyilaszaro\/wp-json\/wp\/v2\/pages\/16\/revisions\/929"}],"wp:attachment":[{"href":"https:\/\/www.fortbau.hu\/nyilaszaro\/wp-json\/wp\/v2\/media?parent=16"}],"curies":[{"name":"wp","href":"https:\/\/api.w.org\/{rel}","templated":true}]}}